{"id":89,"date":"2020-04-18T02:32:06","date_gmt":"2020-04-18T00:32:06","guid":{"rendered":"http:\/\/calvaire-hugo.net\/?page_id=89"},"modified":"2025-07-01T16:54:30","modified_gmt":"2025-07-01T14:54:30","slug":"nous-contacter-2","status":"publish","type":"page","link":"http:\/\/calvaire-hugo.net\/?page_id=89","title":{"rendered":"Nous contacter"},"content":{"rendered":"\n<p class=\"has-white-color has-text-color has-background has-normal-font-size\" style=\"background-color:#34a300\"><strong>L&rsquo;adh\u00e9sion \u00e0 l&rsquo;association est \u00e0 17\u20ac pour la saison.<\/strong><\/p>\n\n\n\n<p class=\"has-background\" style=\"background-color:#97cde4\">Par <strong>courriel<\/strong> : calvaire.hugo@numericable.fr<\/p>\n\n\n\n<p class=\"has-background\" style=\"background-color:#f4d166\">Par <strong>t\u00e9l\u00e9phone<\/strong> : 04 75 41 30 96<\/p>\n\n\n\n<p class=\"has-background\" style=\"background-color:#ef9d82\">Notre <strong>adresse<\/strong> : 123, avenue Victor Hugo  26000  Valence<\/p>\n\n\n\n<figure><iframe src=\"https:\/\/www.google.com\/maps\/embed?pb=!1m18!1m12!1m3!1d5649.6989082417385!2d4.886627900145837!3d44.92639694834167!2m3!1f0!2f0!3f0!3m2!1i1024!2i768!4f13.1!3m3!1m2!1s0x47f5582fd971edb5%3A0xf417b728b46c71e2!2sComit%C3%A9%20de%20Quartier%20Calvaire!5e0!3m2!1sfr!2sca!4v1587653710870!5m2!1sfr!2sca\" width=\"600\" height=\"450\" allowfullscreen=\"\"><\/iframe><\/figure>\n","protected":false},"excerpt":{"rendered":"<p>L&rsquo;adh\u00e9sion \u00e0 l&rsquo;association est \u00e0 17\u20ac pour la saison. Par courriel : calvaire.hugo@numericable.fr Par t\u00e9l\u00e9phone : 04 75 41 30 96 Notre adresse : 123, avenue Victor Hugo 26000 Valence<\/p>\n","protected":false},"author":1,"featured_media":0,"parent":0,"menu_order":0,"comment_status":"closed","ping_status":"closed","template":"","meta":[],"_links":{"self":[{"href":"http:\/\/calvaire-hugo.net\/index.php?rest_route=\/wp\/v2\/pages\/89"}],"collection":[{"href":"http:\/\/calvaire-hugo.net\/index.php?rest_route=\/wp\/v2\/pages"}],"about":[{"href":"http:\/\/calvaire-hugo.net\/index.php?rest_route=\/wp\/v2\/types\/page"}],"author":[{"embeddable":true,"href":"http:\/\/calvaire-hugo.net\/index.php?rest_route=\/wp\/v2\/users\/1"}],"replies":[{"embeddable":true,"href":"http:\/\/calvaire-hugo.net\/index.php?rest_route=%2Fwp%2Fv2%2Fcomments&post=89"}],"version-history":[{"count":10,"href":"http:\/\/calvaire-hugo.net\/index.php?rest_route=\/wp\/v2\/pages\/89\/revisions"}],"predecessor-version":[{"id":4738,"href":"http:\/\/calvaire-hugo.net\/index.php?rest_route=\/wp\/v2\/pages\/89\/revisions\/4738"}],"wp:attachment":[{"href":"http:\/\/calvaire-hugo.net\/index.php?rest_route=%2Fwp%2Fv2%2Fmedia&parent=89"}],"curies":[{"name":"wp","href":"https:\/\/api.w.org\/{rel}","templated":true}]}}