{"id":4739,"date":"2025-07-01T17:15:36","date_gmt":"2025-07-01T15:15:36","guid":{"rendered":"http:\/\/calvaire-hugo.net\/?page_id=4739"},"modified":"2025-07-01T17:15:36","modified_gmt":"2025-07-01T15:15:36","slug":"conserver-sa-stabilite-nouveau","status":"publish","type":"page","link":"http:\/\/calvaire-hugo.net\/?page_id=4739","title":{"rendered":"Conserver sa stabilit\u00e9 NOUVEAU"},"content":{"rendered":"\n<div class=\"wp-block-image\"><figure class=\"aligncenter size-large is-resized\"><img src=\"https:\/\/calvaire-hugo.net\/wp-content\/uploads\/2025\/07\/equilibre.jpg\" alt=\"\" class=\"wp-image-4740\" width=\"350\" srcset=\"http:\/\/calvaire-hugo.net\/wp-content\/uploads\/2025\/07\/equilibre.jpg 225w, http:\/\/calvaire-hugo.net\/wp-content\/uploads\/2025\/07\/equilibre-150x150.jpg 150w\" sizes=\"(max-width: 225px) 100vw, 225px\" \/><\/figure><\/div>\n\n\n\n<p class=\"has-text-align-center has-yellow-background-color has-background\"><strong>Exercices pour conserver sa stabilit\u00e9, \u00e9viter les chutes<\/strong><\/p>\n\n\n\n<p class=\"has-text-align-center has-white-color has-text-color has-background\" style=\"background-color:#a31f00\"><strong>mardi de 9h45 \u00e0 10h45<\/strong><\/p>\n\n\n\n<p class=\"has-text-align-center has-light-brown-background-color has-background\"><strong>dans les locaux du Comit\u00e9<\/strong><\/p>\n\n\n\n<p class=\"has-text-align-center has-background\" style=\"background-color:#9aa300\"><strong>85 \u20ac pour la saison, plus la licence EPGV 31 \u20ac<\/strong><\/p>\n","protected":false},"excerpt":{"rendered":"<p>Exercices pour conserver sa stabilit\u00e9, \u00e9viter les chutes mardi de 9h45 \u00e0 10h45 dans les locaux du Comit\u00e9 85 \u20ac pour la saison, plus la licence EPGV 31 \u20ac<\/p>\n","protected":false},"author":2,"featured_media":0,"parent":0,"menu_order":0,"comment_status":"closed","ping_status":"closed","template":"","meta":[],"_links":{"self":[{"href":"http:\/\/calvaire-hugo.net\/index.php?rest_route=\/wp\/v2\/pages\/4739"}],"collection":[{"href":"http:\/\/calvaire-hugo.net\/index.php?rest_route=\/wp\/v2\/pages"}],"about":[{"href":"http:\/\/calvaire-hugo.net\/index.php?rest_route=\/wp\/v2\/types\/page"}],"author":[{"embeddable":true,"href":"http:\/\/calvaire-hugo.net\/index.php?rest_route=\/wp\/v2\/users\/2"}],"replies":[{"embeddable":true,"href":"http:\/\/calvaire-hugo.net\/index.php?rest_route=%2Fwp%2Fv2%2Fcomments&post=4739"}],"version-history":[{"count":1,"href":"http:\/\/calvaire-hugo.net\/index.php?rest_route=\/wp\/v2\/pages\/4739\/revisions"}],"predecessor-version":[{"id":4741,"href":"http:\/\/calvaire-hugo.net\/index.php?rest_route=\/wp\/v2\/pages\/4739\/revisions\/4741"}],"wp:attachment":[{"href":"http:\/\/calvaire-hugo.net\/index.php?rest_route=%2Fwp%2Fv2%2Fmedia&parent=4739"}],"curies":[{"name":"wp","href":"https:\/\/api.w.org\/{rel}","templated":true}]}}