{"id":460,"date":"2020-04-25T05:20:36","date_gmt":"2020-04-25T03:20:36","guid":{"rendered":"http:\/\/calvaire-hugo.net\/?page_id=460"},"modified":"2026-02-06T16:55:36","modified_gmt":"2026-02-06T15:55:36","slug":"prochaines-dates","status":"publish","type":"page","link":"http:\/\/calvaire-hugo.net\/?page_id=460","title":{"rendered":"Prochaines dates"},"content":{"rendered":"\n<p class=\"has-text-align-center has-dark-brown-color has-text-color has-background has-medium-font-size\" style=\"background-color:#80ed84\"><strong>Voyage de fin d&rsquo;ann\u00e9e \u00e0 la Bambouseraie d&rsquo;Anduze et petit train des C\u00e9vennes le vendredi 5 juin 2026, cliquez ci-apr\u00e8s pour : <a rel=\"noreferrer noopener\" href=\"http:\/\/calvaire-hugo.net\/wp-content\/uploads\/2026\/02\/05-06-26-VOYAGE-Bambouseraie-.pdf\" target=\"_blank\">d\u00e9tails et bulletin d&rsquo;inscription <\/a>               <\/strong><\/p>\n\n\n\n<p class=\"has-text-align-center has-background has-medium-font-size\" style=\"background-color:#00a379\"><strong>Galette du Maire : vendredi 9 janvier 2026 \u00e0 14h15<\/strong><\/p>\n\n\n\n<p><\/p>\n\n\n\n<p class=\"has-text-align-center has-beige-color has-red-background-color has-text-color has-background has-medium-font-size\"><strong>S\u00e9ance de Regard sur la peinture : lundi 8 d\u00e9cembre 2025 &#8211;                             sujet sur ROUAULT<\/strong><\/p>\n\n\n\n<p class=\"has-text-align-center has-light-orange-background-color has-background has-medium-font-size\"><strong>Conf\u00e9rence sur le th\u00e8me : les femmes guerri\u00e8res                         &#8211; jeudi 4 d\u00e9cembre 2025<\/strong><\/p>\n\n\n\n<p class=\"has-medium-brown-color has-light-brown-background-color has-text-color has-background has-medium-font-size\"><strong>Beaujolais Nouveau : jeudi 20 novembre 2025<\/strong><\/p>\n\n\n\n<p class=\"has-beige-background-color has-background has-medium-font-size\"><strong>Assembl\u00e9e G\u00e9n\u00e9rale : vendredi 14 novembre 2025<\/strong><\/p>\n\n\n\n<p class=\"has-white-color has-text-color has-background has-medium-font-size\" style=\"background-color:#008ba3\"><strong>Reprise des activit\u00e9s : lundi 15 septembre 2025<\/strong><\/p>\n\n\n\n<p class=\"has-white-color has-text-color has-background has-medium-font-size\" style=\"background-color:#a3009b\"><strong>Journ\u00e9e Portes Ouvertes : lundi 8 septembre 2025<\/strong><\/p>\n\n\n\n<p class=\"has-background has-medium-font-size\" style=\"background-color:#76a300\"><strong>Forum des Associations : samedi 6 septembre 2025<\/strong><\/p>\n\n\n\n<p class=\"has-yellow-background-color has-background has-medium-font-size\"><strong>Repas inter-activit\u00e9s de fin de saison vendredi 13 juin 2025<\/strong><\/p>\n\n\n\n<p class=\"has-background\" style=\"background-color:#e2bcdb\"><strong>Reprise des activit\u00e9s : \u00e0 partir du lundi 16 septembre 2024 (sauf l&rsquo;aquagym qui reprend d\u00e8s le 9 septembre)<\/strong><\/p>\n\n\n\n<p class=\"has-background\" style=\"background-color:#bedd93\"><strong>Journ\u00e9e \u00ab\u00a0portes ouvertes au comit\u00e9 : lundi 9 septembre 2024<\/strong><\/p>\n\n\n\n<p class=\"has-background\" style=\"background-color:#c6dae2\"><strong>Forum des Associations : samedi 7 septembre 2024<\/strong><\/p>\n\n\n\n<p class=\"has-light-orange-background-color has-background\"><strong>Repas \u00ab\u00a0interactivit\u00e9s\u00a0\u00bb , mercredi 5 juin 2024<\/strong><\/p>\n\n\n\n<p class=\"has-yellow-background-color has-background\"><strong>Exposition peinture (huile, aquarelle, acrylique) et patchwork samedi 6 avril 2024<\/strong><\/p>\n\n\n\n<p class=\"has-dark-brown-color has-light-brown-background-color has-text-color has-background\"><strong>Reprise de toutes les activit\u00e9s : \u00e0 parti septembre)r du lundi 11 septembre 2023<\/strong><\/p>\n\n\n\n<p class=\"has-yellow-background-color has-background\"><strong>Journ\u00e9e portes ouvertes au Comit\u00e9 : jeudi 7 septembre 2023<\/strong><\/p>\n\n\n\n<p class=\"has-background\" style=\"background-color:#6da300\"><strong>Forum des Associations : samedi 2 septembre 2023<\/strong><\/p>\n\n\n\n<p class=\"has-off-white-color has-text-color has-background\" style=\"background-color:#a32800\"><strong>Repas inter-activit\u00e9s jeudi 25 mai 2023 (dans le parc Sylvestre)<\/strong><\/p>\n\n\n\n<p class=\"has-white-color has-medium-orange-background-color has-text-color has-background\"><strong>Reprise des activit\u00e9s le lundi 12 septembre 2022 ( sous r\u00e9serve des mesures sanitaires en vigueur \u00e0 cette date)<\/strong><\/p>\n\n\n\n<p class=\"has-dark-gray-color has-text-color has-background\" style=\"background-color:#70cbf2\"><strong><span class=\"has-inline-color has-dark-gray-color\">Journ\u00e9e \u00ab\u00a0Portes Ouvertes\u00a0\u00bb pr\u00e9vue le mardi 6 septembre 2022 de 10h \u00e0 17h ( sous r\u00e9serve des mesures sanitaires en vigueur \u00e0 cette date)<\/span><\/strong><\/p>\n\n\n\n<p class=\"has-background\" style=\"background-color:#007ca3\"><strong>L&rsquo;Assembl\u00e9e G\u00e9n\u00e9rale se tiendra le vendredi 25 Novembre 2022(les conditions seront pr\u00e9cis\u00e9es ult\u00e9rieurement)<\/strong><\/p>\n\n\n\n<p class=\"has-text-align-center has-text-color has-background\" style=\"background-color:#8eefaa;color:#065f3e\"><strong>Vente de fleurs<\/strong>, le samedi 25 avril 2020  &#8211;  <strong>ANNUL\u00c9E<\/strong><\/p>\n\n\n\n<div class=\"wp-block-image\"><figure class=\"aligncenter size-medium\"><img loading=\"lazy\" width=\"212\" height=\"300\" src=\"http:\/\/calvaire-hugo.net\/wp-content\/uploads\/2020\/04\/A4-affiche-vente-fleurs-v.2020-212x300.jpg\" alt=\"\" class=\"wp-image-2138\" srcset=\"http:\/\/calvaire-hugo.net\/wp-content\/uploads\/2020\/04\/A4-affiche-vente-fleurs-v.2020-212x300.jpg 212w, http:\/\/calvaire-hugo.net\/wp-content\/uploads\/2020\/04\/A4-affiche-vente-fleurs-v.2020-682x964.jpg 682w, http:\/\/calvaire-hugo.net\/wp-content\/uploads\/2020\/04\/A4-affiche-vente-fleurs-v.2020-768x1086.jpg 768w, http:\/\/calvaire-hugo.net\/wp-content\/uploads\/2020\/04\/A4-affiche-vente-fleurs-v.2020-1086x1536.jpg 1086w, http:\/\/calvaire-hugo.net\/wp-content\/uploads\/2020\/04\/A4-affiche-vente-fleurs-v.2020-1448x2048.jpg 1448w, http:\/\/calvaire-hugo.net\/wp-content\/uploads\/2020\/04\/A4-affiche-vente-fleurs-v.2020-scaled.jpg 1810w\" sizes=\"(max-width: 212px) 100vw, 212px\" \/><\/figure><\/div>\n\n\n\n<p class=\"has-text-align-center has-text-color has-background\" style=\"background-color:#a2ccf2;color:#1c1f76\">Voyage d&rsquo;1 jour aux <strong>Saintes-Maries-de-la-mer<\/strong>, le 24 avril 2020  &#8211;  <strong>ANNUL\u00c9<\/strong><\/p>\n\n\n\n<div class=\"wp-block-image\"><figure class=\"aligncenter size-medium is-resized\"><img loading=\"lazy\" src=\"http:\/\/calvaire-hugo.net\/wp-content\/uploads\/2020\/04\/1024px-Fortified_church_Saintes-Maries-de-la-Mer_2425789414-300x195.jpg\" alt=\"\" class=\"wp-image-2144\" width=\"225\" height=\"146\" srcset=\"http:\/\/calvaire-hugo.net\/wp-content\/uploads\/2020\/04\/1024px-Fortified_church_Saintes-Maries-de-la-Mer_2425789414-300x195.jpg 300w, http:\/\/calvaire-hugo.net\/wp-content\/uploads\/2020\/04\/1024px-Fortified_church_Saintes-Maries-de-la-Mer_2425789414-964x627.jpg 964w, http:\/\/calvaire-hugo.net\/wp-content\/uploads\/2020\/04\/1024px-Fortified_church_Saintes-Maries-de-la-Mer_2425789414-768x500.jpg 768w, http:\/\/calvaire-hugo.net\/wp-content\/uploads\/2020\/04\/1024px-Fortified_church_Saintes-Maries-de-la-Mer_2425789414.jpg 1024w\" sizes=\"(max-width: 225px) 100vw, 225px\" \/><\/figure><\/div>\n\n\n\n<p class=\"has-text-align-center has-medium-brown-color has-yellow-background-color has-text-color has-background\"><strong>Exposition<\/strong> Peinture et Patchwork, salle des Clercs, du 13 au 19 avril 2020 &#8211;            <strong>ANNUL\u00c9E<\/strong><\/p>\n\n\n\n<div class=\"wp-block-image\"><figure class=\"aligncenter size-large is-resized\"><img loading=\"lazy\" src=\"http:\/\/calvaire-hugo.net\/wp-content\/uploads\/2020\/04\/Affiche-expo-2020-v.3-682x964.jpg\" alt=\"\" class=\"wp-image-2139\" width=\"341\" height=\"482\" srcset=\"http:\/\/calvaire-hugo.net\/wp-content\/uploads\/2020\/04\/Affiche-expo-2020-v.3-682x964.jpg 682w, http:\/\/calvaire-hugo.net\/wp-content\/uploads\/2020\/04\/Affiche-expo-2020-v.3-212x300.jpg 212w, http:\/\/calvaire-hugo.net\/wp-content\/uploads\/2020\/04\/Affiche-expo-2020-v.3-768x1086.jpg 768w, http:\/\/calvaire-hugo.net\/wp-content\/uploads\/2020\/04\/Affiche-expo-2020-v.3-1086x1536.jpg 1086w, http:\/\/calvaire-hugo.net\/wp-content\/uploads\/2020\/04\/Affiche-expo-2020-v.3-1448x2048.jpg 1448w, http:\/\/calvaire-hugo.net\/wp-content\/uploads\/2020\/04\/Affiche-expo-2020-v.3-scaled.jpg 1810w\" sizes=\"(max-width: 341px) 100vw, 341px\" \/><\/figure><\/div>\n\n\n\n<p><\/p>\n","protected":false},"excerpt":{"rendered":"<p>Voyage de fin d&rsquo;ann\u00e9e \u00e0 la Bambouseraie d&rsquo;Anduze et petit train des C\u00e9vennes le vendredi 5 juin 2026, cliquez ci-apr\u00e8s pour : d\u00e9tails et bulletin d&rsquo;inscription Galette du Maire : vendredi 9 janvier 2026 \u00e0 14h15 S\u00e9ance de Regard sur la peinture : lundi 8 d\u00e9cembre 2025 &#8211; sujet sur ROUAULT Conf\u00e9rence sur le th\u00e8me &hellip; <a href=\"http:\/\/calvaire-hugo.net\/?page_id=460\" class=\"more-link\">Continuer la lecture de <span class=\"screen-reader-text\">Prochaines dates<\/span> <span class=\"meta-nav\">&rarr;<\/span><\/a><\/p>\n","protected":false},"author":1,"featured_media":0,"parent":0,"menu_order":0,"comment_status":"closed","ping_status":"closed","template":"","meta":[],"_links":{"self":[{"href":"http:\/\/calvaire-hugo.net\/index.php?rest_route=\/wp\/v2\/pages\/460"}],"collection":[{"href":"http:\/\/calvaire-hugo.net\/index.php?rest_route=\/wp\/v2\/pages"}],"about":[{"href":"http:\/\/calvaire-hugo.net\/index.php?rest_route=\/wp\/v2\/types\/page"}],"author":[{"embeddable":true,"href":"http:\/\/calvaire-hugo.net\/index.php?rest_route=\/wp\/v2\/users\/1"}],"replies":[{"embeddable":true,"href":"http:\/\/calvaire-hugo.net\/index.php?rest_route=%2Fwp%2Fv2%2Fcomments&post=460"}],"version-history":[{"count":32,"href":"http:\/\/calvaire-hugo.net\/index.php?rest_route=\/wp\/v2\/pages\/460\/revisions"}],"predecessor-version":[{"id":4812,"href":"http:\/\/calvaire-hugo.net\/index.php?rest_route=\/wp\/v2\/pages\/460\/revisions\/4812"}],"wp:attachment":[{"href":"http:\/\/calvaire-hugo.net\/index.php?rest_route=%2Fwp%2Fv2%2Fmedia&parent=460"}],"curies":[{"name":"wp","href":"https:\/\/api.w.org\/{rel}","templated":true}]}}