{"id":4513,"date":"2023-05-17T15:19:04","date_gmt":"2023-05-17T13:19:04","guid":{"rendered":"http:\/\/calvaire-hugo.net\/?page_id=4513"},"modified":"2024-07-04T16:47:46","modified_gmt":"2024-07-04T14:47:46","slug":"detente-relaxation","status":"publish","type":"page","link":"http:\/\/calvaire-hugo.net\/?page_id=4513","title":{"rendered":"DETENTE &#8211; RELAXATION"},"content":{"rendered":"\n<div class=\"wp-block-image\"><figure class=\"aligncenter size-large\"><img loading=\"lazy\" width=\"275\" height=\"183\" src=\"http:\/\/calvaire-hugo.net\/wp-content\/uploads\/2023\/05\/DETENTE-RELAXATION.jpg\" alt=\"\" class=\"wp-image-4514\"\/><\/figure><\/div>\n\n\n\n<p><strong>Un moment de d\u00e9tente et de relaxation en fin de semaine avec Patricia, pour prendre soin de soi, que demander de plus ?<\/strong><\/p>\n\n\n\n<p class=\"has-background\" style=\"background-color:#7fa300\"><strong>o\u00f9 <\/strong>: dans les locaux du Comit\u00e9<\/p>\n\n\n\n<p class=\"has-medium-orange-background-color has-background\"><strong>Quand<\/strong> : le vendredi de 10h \u00e0 11h, tous les 15 jours<\/p>\n\n\n\n<p class=\"has-white-color has-text-color has-background\" style=\"background-color:#a30066\"><strong>Co\u00fbt<\/strong> : 100 \u20ac annuellement<\/p>\n","protected":false},"excerpt":{"rendered":"<p>Un moment de d\u00e9tente et de relaxation en fin de semaine avec Patricia, pour prendre soin de soi, que demander de plus ? o\u00f9 : dans les locaux du Comit\u00e9 Quand : le vendredi de 10h \u00e0 11h, tous les 15 jours Co\u00fbt : 100 \u20ac annuellement<\/p>\n","protected":false},"author":2,"featured_media":0,"parent":0,"menu_order":0,"comment_status":"closed","ping_status":"closed","template":"","meta":[],"_links":{"self":[{"href":"http:\/\/calvaire-hugo.net\/index.php?rest_route=\/wp\/v2\/pages\/4513"}],"collection":[{"href":"http:\/\/calvaire-hugo.net\/index.php?rest_route=\/wp\/v2\/pages"}],"about":[{"href":"http:\/\/calvaire-hugo.net\/index.php?rest_route=\/wp\/v2\/types\/page"}],"author":[{"embeddable":true,"href":"http:\/\/calvaire-hugo.net\/index.php?rest_route=\/wp\/v2\/users\/2"}],"replies":[{"embeddable":true,"href":"http:\/\/calvaire-hugo.net\/index.php?rest_route=%2Fwp%2Fv2%2Fcomments&post=4513"}],"version-history":[{"count":2,"href":"http:\/\/calvaire-hugo.net\/index.php?rest_route=\/wp\/v2\/pages\/4513\/revisions"}],"predecessor-version":[{"id":4629,"href":"http:\/\/calvaire-hugo.net\/index.php?rest_route=\/wp\/v2\/pages\/4513\/revisions\/4629"}],"wp:attachment":[{"href":"http:\/\/calvaire-hugo.net\/index.php?rest_route=%2Fwp%2Fv2%2Fmedia&parent=4513"}],"curies":[{"name":"wp","href":"https:\/\/api.w.org\/{rel}","templated":true}]}}