{"id":448,"date":"2020-04-25T04:38:50","date_gmt":"2020-04-25T02:38:50","guid":{"rendered":"http:\/\/calvaire-hugo.net\/?page_id=448"},"modified":"2020-05-01T16:17:42","modified_gmt":"2020-05-01T14:17:42","slug":"sylvestre-2020","status":"publish","type":"page","link":"http:\/\/calvaire-hugo.net\/?page_id=448","title":{"rendered":"Journal \u00ab\u00a0Le Sylvestre\u00a0\u00bb &#8211;   Tous les num\u00e9ros"},"content":{"rendered":"\n<p style=\"background-color:#f6dd91\" class=\"has-background has-text-align-center\"><strong>Cliquez sur le num\u00e9ro que vous souhaitez lire (ou relire).<\/strong><\/p>\n\n\n\n<p class=\"has-text-align-center\"><a href=\"http:\/\/calvaire-hugo.net\/wp-content\/uploads\/2020\/04\/21_Le-SYLVESTRE-N\u00b021-de-D\u00e9cembre-2019-en-A4.pdf\"><strong>Num\u00e9ro 21<\/strong><\/a> &#8211; D\u00e9cembre 2019<\/p>\n\n\n\n<p class=\"has-text-align-center\"><strong><span class=\"has-inline-color has-medium-orange-color\"><a href=\"http:\/\/calvaire-hugo.net\/wp-content\/uploads\/2020\/04\/20_Le-SYLVESTRE-N\u00b0-20-de-juin-2019-en-A4.pdf\">Num\u00e9ro 20<\/a><\/span><\/strong> &#8211; Juin 2019<\/p>\n\n\n\n<p class=\"has-text-align-center\"><strong><span class=\"has-inline-color has-medium-orange-color\"><a href=\"http:\/\/calvaire-hugo.net\/wp-content\/uploads\/2020\/04\/19_Le-SYLVESTRE-N\u00b0-19-de-F\u00e9vrier-2019-en-A4.pdf\">Num\u00e9ro 19<\/a><\/span><\/strong> &#8211; Mars 2019<\/p>\n\n\n\n<p class=\"has-text-align-center\"><span class=\"has-inline-color has-light-orange-color\"><strong><a href=\"http:\/\/calvaire-hugo.net\/wp-content\/uploads\/2020\/04\/SYLVESTRE-18-de-oct-018-en-A4.pdf\">Num\u00e9ro 18<\/a><\/strong><\/span> &#8211; Octobre 2018<\/p>\n\n\n\n<p class=\"has-text-align-center\"><strong><a href=\"http:\/\/calvaire-hugo.net\/wp-content\/uploads\/2020\/04\/17_Le-SYLVESTRE-N\u00b017-de-F\u00e9vrier-2018-en-A4.pdf\">Num\u00e9ro 17<\/a><\/strong> &#8211; F\u00e9vrier 2018 <\/p>\n\n\n\n<p class=\"has-text-align-center\"><a href=\"http:\/\/calvaire-hugo.net\/wp-content\/uploads\/2020\/04\/16_Le-SYLVESTRE-N\u00b016-de-octobre-017-en-A4.pdf\"><strong>Num\u00e9ro 16<\/strong><\/a> &#8211; Octobre 2017<\/p>\n\n\n\n<p class=\"has-text-align-center\"><strong><span class=\"has-inline-color has-red-color\"><a href=\"http:\/\/calvaire-hugo.net\/wp-content\/uploads\/2020\/05\/SYLVESTRE-15-de-mars-017-en-A4.pdf\">Num\u00e9ro 15<\/a><\/span><\/strong> &#8211; Mars 2017<\/p>\n\n\n\n<p class=\"has-text-align-center\"><strong><span class=\"has-inline-color has-medium-orange-color\"><a href=\"http:\/\/calvaire-hugo.net\/wp-content\/uploads\/2020\/05\/SYLVESTRE-14-de-oct-016-en-A4.pdf\">Num\u00e9ro 14 <\/a><\/span><\/strong>&#8211; Octobre 2016<\/p>\n\n\n\n<p class=\"has-text-align-center\"><strong><span class=\"has-inline-color has-light-orange-color\"><a href=\"http:\/\/calvaire-hugo.net\/wp-content\/uploads\/2020\/05\/SYLVESTRE-13-de-mai-016-en-A4.pdf\">Num\u00e9ro 13<\/a><\/span><\/strong> &#8211; Mai 2016<\/p>\n\n\n\n<p class=\"has-text-align-center\"><strong><span class=\"has-inline-color has-red-color\"><a href=\"http:\/\/calvaire-hugo.net\/wp-content\/uploads\/2020\/05\/SYLVESTRE-12-de-janv-016-en-A4.pdf\">Num\u00e9ro 12<\/a><\/span><\/strong> &#8211; F\u00e9vrier 2016<\/p>\n\n\n\n<p class=\"has-text-align-center\"><strong><span class=\"has-inline-color has-medium-orange-color\"><a href=\"http:\/\/calvaire-hugo.net\/wp-content\/uploads\/2020\/05\/SYLVESTRE-11-oct-015-en-A4.pdf\">Num\u00e9ro 11<\/a><\/span><\/strong> &#8211; Octobre 2015<\/p>\n\n\n\n<p class=\"has-text-align-center\"><strong><span class=\"has-inline-color has-medium-orange-color\"><a href=\"http:\/\/calvaire-hugo.net\/wp-content\/uploads\/2020\/05\/SYLVESTRE-10-mai-015-en-A4.pdf\">Num\u00e9ro 10<\/a><\/span><\/strong> &#8211; Mai 2015<\/p>\n\n\n\n<p class=\"has-text-align-center\"><strong><span class=\"has-inline-color has-medium-orange-color\"><a href=\"http:\/\/calvaire-hugo.net\/wp-content\/uploads\/2020\/05\/le-sylvestre-9-sur-A4-NOUVEAU-FORMAT.pdf\">Num\u00e9ro 9<\/a><\/span><\/strong> &#8211; Janvier 2015<\/p>\n\n\n\n<p class=\"has-text-align-center\"><strong><span class=\"has-inline-color has-medium-orange-color\"><a href=\"http:\/\/calvaire-hugo.net\/wp-content\/uploads\/2020\/05\/le-sylvestre-8-sur-A4-NOUVEAU-FORMAT.pdf\">Num\u00e9ro 8<\/a><\/span><\/strong> &#8211; Octobre 2014<\/p>\n\n\n\n<p class=\"has-text-align-center\"><strong><span class=\"has-inline-color has-medium-orange-color\"><a href=\"http:\/\/calvaire-hugo.net\/wp-content\/uploads\/2020\/05\/le-sylvestre-numero-7-en-A4.pdf\">Num\u00e9ro 7<\/a><\/span><\/strong> &#8211; Mai 2014<\/p>\n\n\n\n<p class=\"has-text-align-center\"><strong><span class=\"has-inline-color has-medium-orange-color\"><a href=\"http:\/\/calvaire-hugo.net\/wp-content\/uploads\/2020\/05\/le-sylvestre-num-6-finalis\u00e9.pdf\">Num\u00e9ro 6<\/a><\/span><\/strong> &#8211; Janvier 2014<\/p>\n\n\n\n<p class=\"has-text-align-center\"><strong><span class=\"has-inline-color has-medium-orange-color\"><a href=\"http:\/\/calvaire-hugo.net\/wp-content\/uploads\/2020\/05\/le-sylvestre-numero-5-pour-le-web-le-bon.pdf\">Num\u00e9ro 5<\/a><\/span><\/strong> &#8211; Octobre 2013<\/p>\n\n\n\n<p class=\"has-text-align-center\"><strong><span class=\"has-inline-color has-medium-orange-color\"><a href=\"http:\/\/calvaire-hugo.net\/wp-content\/uploads\/2020\/05\/le-sylvestre-4-sur-A4-version-d\u00e9finitive.pdf\">Num\u00e9ro 4<\/a><\/span><\/strong> &#8211; Mai 2013<\/p>\n\n\n\n<p class=\"has-text-align-center\"><strong><span class=\"has-inline-color has-medium-orange-color\"><a href=\"http:\/\/calvaire-hugo.net\/wp-content\/uploads\/2020\/05\/Sylvestre-3-sur-A4-pour-diffusion-internet.pdf\">Num\u00e9ro 3<\/a><\/span><\/strong> &#8211; F\u00e9vrier 2013<\/p>\n\n\n\n<p class=\"has-text-align-center\"><strong><span class=\"has-inline-color has-medium-orange-color\"><a href=\"http:\/\/calvaire-hugo.net\/wp-content\/uploads\/2020\/05\/le-sylvestre-2-final.pdf\">Num\u00e9ro 2<\/a><\/span><\/strong> &#8211; Octobre 2012<\/p>\n\n\n\n<p class=\"has-text-align-center\"><strong><span class=\"has-inline-color has-red-color\"><a href=\"http:\/\/calvaire-hugo.net\/wp-content\/uploads\/2020\/05\/le-sylvestre-1-version-d\u00e9finitive.pdf\">Num\u00e9ro 1<\/a><\/span><\/strong> &#8211; Mars 2012<\/p>\n","protected":false},"excerpt":{"rendered":"<p>Cliquez sur le num\u00e9ro que vous souhaitez lire (ou relire). Num\u00e9ro 21 &#8211; D\u00e9cembre 2019 Num\u00e9ro 20 &#8211; Juin 2019 Num\u00e9ro 19 &#8211; Mars 2019 Num\u00e9ro 18 &#8211; Octobre 2018 Num\u00e9ro 17 &#8211; F\u00e9vrier 2018 Num\u00e9ro 16 &#8211; Octobre 2017 Num\u00e9ro 15 &#8211; Mars 2017 Num\u00e9ro 14 &#8211; Octobre 2016 Num\u00e9ro 13 &#8211; Mai 2016 &hellip; <a href=\"http:\/\/calvaire-hugo.net\/?page_id=448\" class=\"more-link\">Continuer la lecture de <span class=\"screen-reader-text\">Journal \u00ab\u00a0Le Sylvestre\u00a0\u00bb &#8211;   Tous les num\u00e9ros<\/span> <span class=\"meta-nav\">&rarr;<\/span><\/a><\/p>\n","protected":false},"author":1,"featured_media":0,"parent":0,"menu_order":0,"comment_status":"closed","ping_status":"closed","template":"","meta":[],"_links":{"self":[{"href":"http:\/\/calvaire-hugo.net\/index.php?rest_route=\/wp\/v2\/pages\/448"}],"collection":[{"href":"http:\/\/calvaire-hugo.net\/index.php?rest_route=\/wp\/v2\/pages"}],"about":[{"href":"http:\/\/calvaire-hugo.net\/index.php?rest_route=\/wp\/v2\/types\/page"}],"author":[{"embeddable":true,"href":"http:\/\/calvaire-hugo.net\/index.php?rest_route=\/wp\/v2\/users\/1"}],"replies":[{"embeddable":true,"href":"http:\/\/calvaire-hugo.net\/index.php?rest_route=%2Fwp%2Fv2%2Fcomments&post=448"}],"version-history":[{"count":52,"href":"http:\/\/calvaire-hugo.net\/index.php?rest_route=\/wp\/v2\/pages\/448\/revisions"}],"predecessor-version":[{"id":2227,"href":"http:\/\/calvaire-hugo.net\/index.php?rest_route=\/wp\/v2\/pages\/448\/revisions\/2227"}],"wp:attachment":[{"href":"http:\/\/calvaire-hugo.net\/index.php?rest_route=%2Fwp%2Fv2%2Fmedia&parent=448"}],"curies":[{"name":"wp","href":"https:\/\/api.w.org\/{rel}","templated":true}]}}