{"id":4348,"date":"2022-07-05T15:27:12","date_gmt":"2022-07-05T13:27:12","guid":{"rendered":"http:\/\/calvaire-hugo.net\/?page_id=4348"},"modified":"2024-07-04T16:52:22","modified_gmt":"2024-07-04T14:52:22","slug":"nouveau-saison-2022-2023-neurones-en-fete","status":"publish","type":"page","link":"http:\/\/calvaire-hugo.net\/?page_id=4348","title":{"rendered":"Neurones en f\u00eate"},"content":{"rendered":"\n<div class=\"wp-block-image\"><figure class=\"aligncenter size-large is-resized\"><img src=\"http:\/\/calvaire-hugo.net\/wp-content\/uploads\/2022\/07\/neurones-en-fete.jpg\" alt=\"\" class=\"wp-image-4349\" width=\"400\" srcset=\"http:\/\/calvaire-hugo.net\/wp-content\/uploads\/2022\/07\/neurones-en-fete.jpg 328w, http:\/\/calvaire-hugo.net\/wp-content\/uploads\/2022\/07\/neurones-en-fete-300x141.jpg 300w\" sizes=\"(max-width: 328px) 100vw, 328px\" \/><\/figure><\/div>\n\n\n\n<p><strong>C\u2019est une activit\u00e9 pendant laquelle on fait fonctionner les neurones. On entra\u00eene les petites cellules grises de fa\u00e7on ludique, sans comp\u00e9tition, pour le plaisir, en toute convivialit\u00e9 et bonne humeur<\/strong><\/p>\n\n\n\n<p class=\"has-background\" style=\"background-color:#a3a000\"><strong>O\u00f9 <\/strong>: dans les locaux du Comit\u00e9<\/p>\n\n\n\n<p class=\"has-light-orange-background-color has-background\"><strong>Quand <\/strong>: le jeudi de 9h30 \u00e0 11h, toutes les 2 semaines<\/p>\n\n\n\n<p class=\"has-yellow-background-color has-background\"><strong>Co\u00fbt<\/strong> : 15 \u20ac annuellement<\/p>\n","protected":false},"excerpt":{"rendered":"<p>C\u2019est une activit\u00e9 pendant laquelle on fait fonctionner les neurones. On entra\u00eene les petites cellules grises de fa\u00e7on ludique, sans comp\u00e9tition, pour le plaisir, en toute convivialit\u00e9 et bonne humeur O\u00f9 : dans les locaux du Comit\u00e9 Quand : le jeudi de 9h30 \u00e0 11h, toutes les 2 semaines Co\u00fbt : 15 \u20ac annuellement<\/p>\n","protected":false},"author":2,"featured_media":0,"parent":0,"menu_order":0,"comment_status":"closed","ping_status":"closed","template":"","meta":[],"_links":{"self":[{"href":"http:\/\/calvaire-hugo.net\/index.php?rest_route=\/wp\/v2\/pages\/4348"}],"collection":[{"href":"http:\/\/calvaire-hugo.net\/index.php?rest_route=\/wp\/v2\/pages"}],"about":[{"href":"http:\/\/calvaire-hugo.net\/index.php?rest_route=\/wp\/v2\/types\/page"}],"author":[{"embeddable":true,"href":"http:\/\/calvaire-hugo.net\/index.php?rest_route=\/wp\/v2\/users\/2"}],"replies":[{"embeddable":true,"href":"http:\/\/calvaire-hugo.net\/index.php?rest_route=%2Fwp%2Fv2%2Fcomments&post=4348"}],"version-history":[{"count":3,"href":"http:\/\/calvaire-hugo.net\/index.php?rest_route=\/wp\/v2\/pages\/4348\/revisions"}],"predecessor-version":[{"id":4635,"href":"http:\/\/calvaire-hugo.net\/index.php?rest_route=\/wp\/v2\/pages\/4348\/revisions\/4635"}],"wp:attachment":[{"href":"http:\/\/calvaire-hugo.net\/index.php?rest_route=%2Fwp%2Fv2%2Fmedia&parent=4348"}],"curies":[{"name":"wp","href":"https:\/\/api.w.org\/{rel}","templated":true}]}}