{"id":4345,"date":"2022-07-05T15:15:24","date_gmt":"2022-07-05T13:15:24","guid":{"rendered":"http:\/\/calvaire-hugo.net\/?page_id=4345"},"modified":"2024-07-04T16:44:30","modified_gmt":"2024-07-04T14:44:30","slug":"nouveau-saison-2022-2023-danse-en-ligne","status":"publish","type":"page","link":"http:\/\/calvaire-hugo.net\/?page_id=4345","title":{"rendered":"Danse solo"},"content":{"rendered":"\n<div class=\"wp-block-image\"><figure class=\"aligncenter size-large\"><img loading=\"lazy\" width=\"333\" height=\"151\" src=\"http:\/\/calvaire-hugo.net\/wp-content\/uploads\/2022\/07\/danse-en-ligne.jpg\" alt=\"\" class=\"wp-image-4346\" srcset=\"http:\/\/calvaire-hugo.net\/wp-content\/uploads\/2022\/07\/danse-en-ligne.jpg 333w, http:\/\/calvaire-hugo.net\/wp-content\/uploads\/2022\/07\/danse-en-ligne-300x136.jpg 300w\" sizes=\"(max-width: 333px) 100vw, 333px\" \/><\/figure><\/div>\n\n\n\n<p><strong>La danse\u00a0\u00bb en ligne\u00a0\u00bb est une danse sociale qui se pratique en groupe, l\u2019un derri\u00e8re l\u2019autre, l\u2019un \u00e0 c\u00f4t\u00e9 de l\u2019autre ou sur deux lignes qui se font face \u00e0 face<\/strong>.<\/p>\n\n\n\n<p class=\"has-background\" style=\"background-color:#4ea300\"><strong>O\u00f9<\/strong> : dans les locaux du Comit\u00e9<\/p>\n\n\n\n<p class=\"has-light-orange-background-color has-background\"><strong>Quand :<\/strong> le vendredi de 14h15 \u00e0 15h15<\/p>\n\n\n\n<p class=\"has-white-color has-text-color has-background\" style=\"background-color:#6400a3\"><strong>Co\u00fbt <\/strong>: 125 \u20ac annuellement<\/p>\n","protected":false},"excerpt":{"rendered":"<p>La danse\u00a0\u00bb en ligne\u00a0\u00bb est une danse sociale qui se pratique en groupe, l\u2019un derri\u00e8re l\u2019autre, l\u2019un \u00e0 c\u00f4t\u00e9 de l\u2019autre ou sur deux lignes qui se font face \u00e0 face. O\u00f9 : dans les locaux du Comit\u00e9 Quand : le vendredi de 14h15 \u00e0 15h15 Co\u00fbt : 125 \u20ac annuellement<\/p>\n","protected":false},"author":2,"featured_media":0,"parent":0,"menu_order":0,"comment_status":"closed","ping_status":"closed","template":"","meta":[],"_links":{"self":[{"href":"http:\/\/calvaire-hugo.net\/index.php?rest_route=\/wp\/v2\/pages\/4345"}],"collection":[{"href":"http:\/\/calvaire-hugo.net\/index.php?rest_route=\/wp\/v2\/pages"}],"about":[{"href":"http:\/\/calvaire-hugo.net\/index.php?rest_route=\/wp\/v2\/types\/page"}],"author":[{"embeddable":true,"href":"http:\/\/calvaire-hugo.net\/index.php?rest_route=\/wp\/v2\/users\/2"}],"replies":[{"embeddable":true,"href":"http:\/\/calvaire-hugo.net\/index.php?rest_route=%2Fwp%2Fv2%2Fcomments&post=4345"}],"version-history":[{"count":3,"href":"http:\/\/calvaire-hugo.net\/index.php?rest_route=\/wp\/v2\/pages\/4345\/revisions"}],"predecessor-version":[{"id":4625,"href":"http:\/\/calvaire-hugo.net\/index.php?rest_route=\/wp\/v2\/pages\/4345\/revisions\/4625"}],"wp:attachment":[{"href":"http:\/\/calvaire-hugo.net\/index.php?rest_route=%2Fwp%2Fv2%2Fmedia&parent=4345"}],"curies":[{"name":"wp","href":"https:\/\/api.w.org\/{rel}","templated":true}]}}