{"id":420,"date":"2020-04-24T20:24:29","date_gmt":"2020-04-24T18:24:29","guid":{"rendered":"http:\/\/calvaire-hugo.net\/?page_id=420"},"modified":"2020-06-30T17:08:32","modified_gmt":"2020-06-30T15:08:32","slug":"revue-de-presse","status":"publish","type":"page","link":"http:\/\/calvaire-hugo.net\/?page_id=420","title":{"rendered":"Revue de presse"},"content":{"rendered":"\n<p>Le Dauphin\u00e9 Lib\u00e9r\u00e9 du 21 juin 2020<\/p>\n\n\n\n<figure class=\"wp-block-image size-large\"><img loading=\"lazy\" width=\"412\" height=\"964\" src=\"http:\/\/calvaire-hugo.net\/wp-content\/uploads\/2020\/06\/Comit\u00e9-Calvaire-Hugo_Reprise-apr\u00e9s-l\u00e9t\u00e9-412x964.jpg\" alt=\"\" class=\"wp-image-3761\" srcset=\"http:\/\/calvaire-hugo.net\/wp-content\/uploads\/2020\/06\/Comit\u00e9-Calvaire-Hugo_Reprise-apr\u00e9s-l\u00e9t\u00e9-412x964.jpg 412w, http:\/\/calvaire-hugo.net\/wp-content\/uploads\/2020\/06\/Comit\u00e9-Calvaire-Hugo_Reprise-apr\u00e9s-l\u00e9t\u00e9-128x300.jpg 128w, http:\/\/calvaire-hugo.net\/wp-content\/uploads\/2020\/06\/Comit\u00e9-Calvaire-Hugo_Reprise-apr\u00e9s-l\u00e9t\u00e9-768x1799.jpg 768w, http:\/\/calvaire-hugo.net\/wp-content\/uploads\/2020\/06\/Comit\u00e9-Calvaire-Hugo_Reprise-apr\u00e9s-l\u00e9t\u00e9-656x1536.jpg 656w, http:\/\/calvaire-hugo.net\/wp-content\/uploads\/2020\/06\/Comit\u00e9-Calvaire-Hugo_Reprise-apr\u00e9s-l\u00e9t\u00e9-874x2048.jpg 874w, http:\/\/calvaire-hugo.net\/wp-content\/uploads\/2020\/06\/Comit\u00e9-Calvaire-Hugo_Reprise-apr\u00e9s-l\u00e9t\u00e9-scaled.jpg 1093w\" sizes=\"(max-width: 412px) 100vw, 412px\" \/><\/figure>\n","protected":false},"excerpt":{"rendered":"<p>Le Dauphin\u00e9 Lib\u00e9r\u00e9 du 21 juin 2020<\/p>\n","protected":false},"author":1,"featured_media":0,"parent":0,"menu_order":0,"comment_status":"closed","ping_status":"closed","template":"","meta":[],"_links":{"self":[{"href":"http:\/\/calvaire-hugo.net\/index.php?rest_route=\/wp\/v2\/pages\/420"}],"collection":[{"href":"http:\/\/calvaire-hugo.net\/index.php?rest_route=\/wp\/v2\/pages"}],"about":[{"href":"http:\/\/calvaire-hugo.net\/index.php?rest_route=\/wp\/v2\/types\/page"}],"author":[{"embeddable":true,"href":"http:\/\/calvaire-hugo.net\/index.php?rest_route=\/wp\/v2\/users\/1"}],"replies":[{"embeddable":true,"href":"http:\/\/calvaire-hugo.net\/index.php?rest_route=%2Fwp%2Fv2%2Fcomments&post=420"}],"version-history":[{"count":3,"href":"http:\/\/calvaire-hugo.net\/index.php?rest_route=\/wp\/v2\/pages\/420\/revisions"}],"predecessor-version":[{"id":3762,"href":"http:\/\/calvaire-hugo.net\/index.php?rest_route=\/wp\/v2\/pages\/420\/revisions\/3762"}],"wp:attachment":[{"href":"http:\/\/calvaire-hugo.net\/index.php?rest_route=%2Fwp%2Fv2%2Fmedia&parent=420"}],"curies":[{"name":"wp","href":"https:\/\/api.w.org\/{rel}","templated":true}]}}