{"id":4130,"date":"2021-06-10T21:36:34","date_gmt":"2021-06-10T19:36:34","guid":{"rendered":"http:\/\/calvaire-hugo.net\/?page_id=4130"},"modified":"2024-07-04T16:41:37","modified_gmt":"2024-07-04T14:41:37","slug":"lecture-mensuelle","status":"publish","type":"page","link":"http:\/\/calvaire-hugo.net\/?page_id=4130","title":{"rendered":"Lecture mensuelle"},"content":{"rendered":"\n<div class=\"wp-block-image\"><figure class=\"aligncenter size-large\"><img loading=\"lazy\" width=\"275\" height=\"183\" src=\"http:\/\/calvaire-hugo.net\/wp-content\/uploads\/2021\/06\/LECTURE.jpg\" alt=\"\" class=\"wp-image-4138\"\/><\/figure><\/div>\n\n\n\n<p><\/p>\n\n\n\n<p class=\"has-white-color has-text-color has-background\" style=\"background-color:#5ca300\">O\u00f9 : dans les locaux du Comit\u00e9<\/p>\n\n\n\n<p class=\"has-white-color has-text-color has-background\" style=\"background-color:#0098a3\">Avec Nicole, un mercredi  par mois \u00e0 14 h 15, venez \u00e9changer sur une de vos lectures ou \u00e9couter quelqu&rsquo;un qui va vous emporter dans son livre.<\/p>\n\n\n\n<p class=\"has-white-color has-text-color has-background\" style=\"background-color:#7600a3\">Co\u00fbt : 6 \u20ac  annuellement<\/p>\n","protected":false},"excerpt":{"rendered":"<p>O\u00f9 : dans les locaux du Comit\u00e9 Avec Nicole, un mercredi par mois \u00e0 14 h 15, venez \u00e9changer sur une de vos lectures ou \u00e9couter quelqu&rsquo;un qui va vous emporter dans son livre. Co\u00fbt : 6 \u20ac annuellement<\/p>\n","protected":false},"author":1,"featured_media":0,"parent":131,"menu_order":0,"comment_status":"closed","ping_status":"closed","template":"","meta":[],"_links":{"self":[{"href":"http:\/\/calvaire-hugo.net\/index.php?rest_route=\/wp\/v2\/pages\/4130"}],"collection":[{"href":"http:\/\/calvaire-hugo.net\/index.php?rest_route=\/wp\/v2\/pages"}],"about":[{"href":"http:\/\/calvaire-hugo.net\/index.php?rest_route=\/wp\/v2\/types\/page"}],"author":[{"embeddable":true,"href":"http:\/\/calvaire-hugo.net\/index.php?rest_route=\/wp\/v2\/users\/1"}],"replies":[{"embeddable":true,"href":"http:\/\/calvaire-hugo.net\/index.php?rest_route=%2Fwp%2Fv2%2Fcomments&post=4130"}],"version-history":[{"count":5,"href":"http:\/\/calvaire-hugo.net\/index.php?rest_route=\/wp\/v2\/pages\/4130\/revisions"}],"predecessor-version":[{"id":4623,"href":"http:\/\/calvaire-hugo.net\/index.php?rest_route=\/wp\/v2\/pages\/4130\/revisions\/4623"}],"up":[{"embeddable":true,"href":"http:\/\/calvaire-hugo.net\/index.php?rest_route=\/wp\/v2\/pages\/131"}],"wp:attachment":[{"href":"http:\/\/calvaire-hugo.net\/index.php?rest_route=%2Fwp%2Fv2%2Fmedia&parent=4130"}],"curies":[{"name":"wp","href":"https:\/\/api.w.org\/{rel}","templated":true}]}}