{"id":4086,"date":"2021-05-02T12:51:22","date_gmt":"2021-05-02T10:51:22","guid":{"rendered":"http:\/\/calvaire-hugo.net\/?page_id=4086"},"modified":"2021-05-02T13:33:13","modified_gmt":"2021-05-02T11:33:13","slug":"randonnee-du-11-10-20","status":"publish","type":"page","link":"http:\/\/calvaire-hugo.net\/?page_id=4086","title":{"rendered":"Randonn\u00e9e du 11-10-20"},"content":{"rendered":"\n<h4 class=\"has-background\" style=\"background-color:#fab8ce\">Puy St Martin<\/h4>\n\n\n\n<p class=\"has-background\" style=\"background-color:#fab8ce\">Promenade qui permet de d\u00e9couvrir quelques vestiges d&rsquo;un ancien village fortifi\u00e9 sur une hauteur au sommet de laquelle se situent trois croix et qui offre un magnifique belv\u00e9d\u00e8re avec une table d&rsquo;orientation.<br>Panorama \u00e0 270\u00b0 sur les contreforts du Vercors et du Diois, Roche Colombe, les Trois Becs, la Montagne de Couspeau, le Nord de la vall\u00e9e du Rh\u00f4ne et les monts ard\u00e9chois.<\/p>\n\n\n\n<style id=\"bwg-style-0\">    #bwg_container1_0 #bwg_container2_0 .bwg-container-0.bwg-standard-thumbnails {      width: 1254px;              justify-content: center;        margin:0 auto !important;              background-color: rgba(255, 255, 255, 0.00);            padding-left: 4px;      padding-top: 4px;      max-width: 100%;            }        #bwg_container1_0 #bwg_container2_0 .bwg-container-0.bwg-standard-thumbnails .bwg-item {      justify-content: flex-start;      max-width: 250px;          }    #bwg_container1_0 #bwg_container2_0 .bwg-container-0.bwg-standard-thumbnails .bwg-item > a {       margin-right: 4px;       margin-bottom: 4px;    }    #bwg_container1_0 #bwg_container2_0 .bwg-container-0.bwg-standard-thumbnails .bwg-item0 {      padding: 0px;            background-color:rgba(0,0,0, 0.30);      border: 0px none #CCCCCC;      opacity: 1.00;      border-radius: 0;      box-shadow: ;    }    #bwg_container1_0 #bwg_container2_0 .bwg-container-0.bwg-standard-thumbnails .bwg-item1 img {      max-height: none;      max-width: none;      padding: 0 !important;    }         @media only screen and (min-width: 480px) {\t\t#bwg_container1_0 #bwg_container2_0 .bwg-container-0.bwg-standard-thumbnails .bwg-item1 img {\t\t\t-webkit-transition: all .3s; transition: all .3s;\t\t}\t\t#bwg_container1_0 #bwg_container2_0 .bwg-container-0.bwg-standard-thumbnails .bwg-item1 img:hover {\t\t\t-ms-transform: scale(1.08);\t\t\t-webkit-transform: scale(1.08);\t\t\ttransform: scale(1.08);\t\t}\t\t\t\t.bwg-standard-thumbnails .bwg-zoom-effect .bwg-zoom-effect-overlay {\t\t\t\t\t\tbackground-color:rgba(0,0,0, 0.3);\t\t}\t\t.bwg-standard-thumbnails .bwg-zoom-effect:hover img {\t\t\t-ms-transform: scale(1.08);\t\t\t-webkit-transform: scale(1.08);\t\t\ttransform: scale(1.08);\t\t}\t\t      }\t    #bwg_container1_0 #bwg_container2_0 .bwg-container-0.bwg-standard-thumbnails .bwg-item1 {      padding-top: 56%;    }        #bwg_container1_0 #bwg_container2_0 .bwg-container-0.bwg-standard-thumbnails .bwg-title1 {      position: absolute;      top: 0;      z-index: 100;      width: 100%;      height: 100%;      display: flex;      justify-content: center;      align-content: center;      flex-direction: column;      opacity: 0;    }\t      #bwg_container1_0 #bwg_container2_0 .bwg-container-0.bwg-standard-thumbnails .bwg-title2,    #bwg_container1_0 #bwg_container2_0 .bwg-container-0.bwg-standard-thumbnails .bwg-ecommerce2 {      color: #FFFFFF;      font-family: Ubuntu;      font-size: 16px;      font-weight: bold;      padding: 2px;      text-shadow: ;      max-height: 100%;    }    #bwg_container1_0 #bwg_container2_0 .bwg-container-0.bwg-standard-thumbnails .bwg-thumb-description span {    color: #323A45;    font-family: Ubuntu;    font-size: 12px;    max-height: 100%;    word-wrap: break-word;    }    #bwg_container1_0 #bwg_container2_0 .bwg-container-0.bwg-standard-thumbnails .bwg-play-icon2 {      font-size: 32px;    }    #bwg_container1_0 #bwg_container2_0 .bwg-container-0.bwg-standard-thumbnails .bwg-ecommerce2 {      font-size: 19.2px;      color: #323A45;    }    <\/style>    <div id=\"bwg_container1_0\"         class=\"bwg_container bwg_thumbnail bwg_thumbnails\"         data-right-click-protection=\"0\"         data-bwg=\"0\"         data-current-url=\"http:\/\/calvaire-hugo.net\/index.php?rest_route=%2Fwp%2Fv2%2Fpages%2F4086\"         data-lightbox-url=\"http:\/\/calvaire-hugo.net\/wp-admin\/admin-ajax.php?action=GalleryBox&current_view=0&gallery_id=39&tag=0&theme_id=1&shortcode_id=86&sort_by=order&order_by=asc&current_url=http%3A%2F%2Fcalvaire-hugo.net%2Findex.php%3Frest_route%3D%252Fwp%252Fv2%252Fpages%252F4086\"         data-gallery-id=\"39\"         data-popup-width=\"800\"         data-popup-height=\"500\"         data-buttons-position=\"bottom\">      <div id=\"bwg_container2_0\">             <div id=\"ajax_loading_0\" class=\"bwg_loading_div_1\">      <div class=\"bwg_loading_div_2\">        <div class=\"bwg_loading_div_3\">          <div id=\"loading_div_0\" class=\"bwg_spider_ajax_loading\">          <\/div>        <\/div>      <\/div>    <\/div>            <form id=\"gal_front_form_0\"              class=\"bwg-hidden\"              method=\"post\"              action=\"#\"              data-current=\"0\"              data-shortcode-id=\"86\"              data-gallery-type=\"thumbnails\"              data-gallery-id=\"39\"              data-tag=\"0\"              data-album-id=\"0\"              data-theme-id=\"1\"              data-ajax-url=\"http:\/\/calvaire-hugo.net\/wp-admin\/admin-ajax.php?action=bwg_frontend_data\">          <div id=\"bwg_container3_0\" class=\"bwg-background bwg-background-0\">                <div data-max-count=\"5\"         data-thumbnail-width=\"250\"         data-bwg=\"0\"         data-gallery-id=\"39\"         data-lightbox-url=\"http:\/\/calvaire-hugo.net\/wp-admin\/admin-ajax.php?action=GalleryBox&current_view=0&gallery_id=39&tag=0&theme_id=1&shortcode_id=86&sort_by=order&order_by=asc&current_url=http%3A%2F%2Fcalvaire-hugo.net%2Findex.php%3Frest_route%3D%252Fwp%252Fv2%252Fpages%252F4086\"         id=\"bwg_thumbnails_0\"         class=\"bwg-container-0 bwg-thumbnails bwg-standard-thumbnails bwg-container bwg-border-box\">            <div class=\"bwg-item\">        <a class=\"bwg-a bwg_lightbox\"  data-image-id=\"569\" href=\"http:\/\/calvaire-hugo.net\/wp-content\/uploads\/photo-gallery\/rando_Puy_St_Vincent_11_oct_020\/IMG_0571.jpg?bwg=1618583961\">                <div class=\"bwg-item0 \">          <div class=\"bwg-item1 bwg-zoom-effect\">            <div class=\"bwg-item2\">              <img class=\"skip-lazy bwg_standart_thumb_img_0 \"                   data-id=\"569\"                   data-width=\"810\"                   data-height=\"1080\"                   data-original=\"http:\/\/calvaire-hugo.net\/wp-content\/uploads\/photo-gallery\/rando_Puy_St_Vincent_11_oct_020\/thumb\/IMG_0571.jpg?bwg=1618583961\"                   src=\"http:\/\/calvaire-hugo.net\/wp-content\/uploads\/photo-gallery\/rando_Puy_St_Vincent_11_oct_020\/thumb\/IMG_0571.jpg?bwg=1618583961\"                   alt=\"IMG 0571\" \/>            <\/div>            <div class=\"bwg-zoom-effect-overlay\">              <div class=\"bwg-title1\"><div class=\"bwg-title2\">IMG 0571<\/div><\/div>                                        <\/div>          <\/div>        <\/div>                                <\/a>      <\/div>            <div class=\"bwg-item\">        <a class=\"bwg-a bwg_lightbox\"  data-image-id=\"568\" href=\"http:\/\/calvaire-hugo.net\/wp-content\/uploads\/photo-gallery\/rando_Puy_St_Vincent_11_oct_020\/IMG_0573.jpg?bwg=1618583961\">                <div class=\"bwg-item0 \">          <div class=\"bwg-item1 bwg-zoom-effect\">            <div class=\"bwg-item2\">              <img class=\"skip-lazy bwg_standart_thumb_img_0 \"                   data-id=\"568\"                   data-width=\"864\"                   data-height=\"1152\"                   data-original=\"http:\/\/calvaire-hugo.net\/wp-content\/uploads\/photo-gallery\/rando_Puy_St_Vincent_11_oct_020\/thumb\/IMG_0573.jpg?bwg=1618583961\"                   src=\"http:\/\/calvaire-hugo.net\/wp-content\/uploads\/photo-gallery\/rando_Puy_St_Vincent_11_oct_020\/thumb\/IMG_0573.jpg?bwg=1618583961\"                   alt=\"IMG 0573\" \/>            <\/div>            <div class=\"bwg-zoom-effect-overlay\">              <div class=\"bwg-title1\"><div class=\"bwg-title2\">IMG 0573<\/div><\/div>                                        <\/div>          <\/div>        <\/div>                                <\/a>      <\/div>            <div class=\"bwg-item\">        <a class=\"bwg-a bwg_lightbox\"  data-image-id=\"567\" href=\"http:\/\/calvaire-hugo.net\/wp-content\/uploads\/photo-gallery\/rando_Puy_St_Vincent_11_oct_020\/IMG_0572.jpg?bwg=1618583961\">                <div class=\"bwg-item0 \">          <div class=\"bwg-item1 bwg-zoom-effect\">            <div class=\"bwg-item2\">              <img class=\"skip-lazy bwg_standart_thumb_img_0 \"                   data-id=\"567\"                   data-width=\"810\"                   data-height=\"1080\"                   data-original=\"http:\/\/calvaire-hugo.net\/wp-content\/uploads\/photo-gallery\/rando_Puy_St_Vincent_11_oct_020\/thumb\/IMG_0572.jpg?bwg=1618583961\"                   src=\"http:\/\/calvaire-hugo.net\/wp-content\/uploads\/photo-gallery\/rando_Puy_St_Vincent_11_oct_020\/thumb\/IMG_0572.jpg?bwg=1618583961\"                   alt=\"IMG 0572\" \/>            <\/div>            <div class=\"bwg-zoom-effect-overlay\">              <div class=\"bwg-title1\"><div class=\"bwg-title2\">IMG 0572<\/div><\/div>                                        <\/div>          <\/div>        <\/div>                                <\/a>      <\/div>          <\/div>    <style>      \/*pagination styles*\/      #bwg_container1_0 #bwg_container2_0 .tablenav-pages_0 {      text-align: center;      font-size: 12px;      font-family: Ubuntu;      font-weight: bold;      color: #666666;      margin: 6px 0 4px;      display: block;      height: 30px;      line-height: 30px;      }      @media only screen and (max-width : 320px) {      #bwg_container1_0 #bwg_container2_0 .displaying-num_0 {      display: none;      }      }      #bwg_container1_0 #bwg_container2_0 .displaying-num_0 {      font-size: 12px;      font-family: Ubuntu;      font-weight: bold;      color: #666666;      margin-right: 10px;      vertical-align: middle;      }      #bwg_container1_0 #bwg_container2_0 .paging-input_0 {      font-size: 12px;      font-family: Ubuntu;      font-weight: bold;      color: #666666;      vertical-align: middle;      }      #bwg_container1_0 #bwg_container2_0 .tablenav-pages_0 a.disabled,      #bwg_container1_0 #bwg_container2_0 .tablenav-pages_0 a.disabled:hover,      #bwg_container1_0 #bwg_container2_0 .tablenav-pages_0 a.disabled:focus {      cursor: default;      color: rgba(102, 102, 102, 0.5);      }      #bwg_container1_0 #bwg_container2_0 .tablenav-pages_0 a {      cursor: pointer;      font-size: 12px;      font-family: Ubuntu;      font-weight: bold;      color: #666666;      text-decoration: none;      padding: 3px 6px;      margin: 0;      border-radius: 0;      border-style: solid;      border-width: 1px;      border-color: #E3E3E3;      background-color: #FFFFFF;      opacity: 1.00;      box-shadow: 0;      transition: all 0.3s ease 0s;-webkit-transition: all 0.3s ease 0s;      }      <\/style>      <span class=\"bwg_nav_cont_0\">              <div class=\"tablenav-pages_0\">                  <\/div>                <input type=\"hidden\" id=\"page_number_0\" name=\"page_number_0\" value=\"1\" \/>      <script type=\"text\/javascript\">        function spider_page_0(cur, x, y, load_more) {          if (typeof load_more == \"undefined\") {            var load_more = false;          }          if (jQuery(cur).hasClass('disabled')) {            return false;          }          var items_county_0 = 1;          switch (y) {            case 1:              if (x >= items_county_0) {                document.getElementById('page_number_0').value = items_county_0;              }              else {                document.getElementById('page_number_0').value = x + 1;              }              break;            case 2:              document.getElementById('page_number_0').value = items_county_0;              break;            case -1:              if (x == 1) {                document.getElementById('page_number_0').value = 1;              }              else {                document.getElementById('page_number_0').value = x - 1;              }              break;            case -2:              document.getElementById('page_number_0').value = 1;              break;            default:              document.getElementById('page_number_0').value = 1;          }          bwg_ajax('gal_front_form_0', '0', 'bwg_thumbnails_0', '0', '', '', 0, '', '', load_more, '', 1);        }                    jQuery('.first-page-0').on('click', function () {              spider_page_0(this, 1, -2, 'numeric');              return false;            });            jQuery('.prev-page-0').on('click', function () {              spider_page_0(this, 1, -1, 'numeric');              return false;            });            jQuery('.next-page-0').on('click', function () {              spider_page_0(this, 1, 1, 'numeric');              return false;            });            jQuery('.last-page-0').on('click', function () {              spider_page_0(this, 1, 2, 'numeric');              return false;            });                jQuery('.bwg_load_btn_0').on('click', function () {            spider_page_0(this, 1, 1, true);            return false;        });      <\/script>      <\/span>                <\/div>        <\/form>          <style>          #bwg_container1_0 #bwg_container2_0 #spider_popup_overlay_0 {          background-color: #EEEEEE;          opacity: 0.60;          }          <\/style>        <div id=\"bwg_spider_popup_loading_0\" class=\"bwg_spider_popup_loading\"><\/div>        <div id=\"spider_popup_overlay_0\" class=\"spider_popup_overlay\" onclick=\"spider_destroypopup(1000)\"><\/div>        <input type=\"hidden\" id=\"bwg_random_seed_0\" value=\"1136793833\">                <\/div>    <\/div>    <script>      jQuery(function() {        if( typeof bwg_main_ready == 'function' ) {          bwg_main_ready();        }      });    <\/script>    \n","protected":false},"excerpt":{"rendered":"<p>Puy St Martin Promenade qui permet de d\u00e9couvrir quelques vestiges d&rsquo;un ancien village fortifi\u00e9 sur une hauteur au sommet de laquelle se situent trois croix et qui offre un magnifique belv\u00e9d\u00e8re avec une table d&rsquo;orientation.Panorama \u00e0 270\u00b0 sur les contreforts du Vercors et du Diois, Roche Colombe, les Trois Becs, la Montagne de Couspeau, le &hellip; <a href=\"http:\/\/calvaire-hugo.net\/?page_id=4086\" class=\"more-link\">Continuer la lecture de <span class=\"screen-reader-text\">Randonn\u00e9e du 11-10-20<\/span> <span class=\"meta-nav\">&rarr;<\/span><\/a><\/p>\n","protected":false},"author":3,"featured_media":0,"parent":0,"menu_order":0,"comment_status":"closed","ping_status":"closed","template":"","meta":[],"_links":{"self":[{"href":"http:\/\/calvaire-hugo.net\/index.php?rest_route=\/wp\/v2\/pages\/4086"}],"collection":[{"href":"http:\/\/calvaire-hugo.net\/index.php?rest_route=\/wp\/v2\/pages"}],"about":[{"href":"http:\/\/calvaire-hugo.net\/index.php?rest_route=\/wp\/v2\/types\/page"}],"author":[{"embeddable":true,"href":"http:\/\/calvaire-hugo.net\/index.php?rest_route=\/wp\/v2\/users\/3"}],"replies":[{"embeddable":true,"href":"http:\/\/calvaire-hugo.net\/index.php?rest_route=%2Fwp%2Fv2%2Fcomments&post=4086"}],"version-history":[{"count":2,"href":"http:\/\/calvaire-hugo.net\/index.php?rest_route=\/wp\/v2\/pages\/4086\/revisions"}],"predecessor-version":[{"id":4090,"href":"http:\/\/calvaire-hugo.net\/index.php?rest_route=\/wp\/v2\/pages\/4086\/revisions\/4090"}],"wp:attachment":[{"href":"http:\/\/calvaire-hugo.net\/index.php?rest_route=%2Fwp%2Fv2%2Fmedia&parent=4086"}],"curies":[{"name":"wp","href":"https:\/\/api.w.org\/{rel}","templated":true}]}}