{"id":395,"date":"2020-04-24T16:33:06","date_gmt":"2020-04-24T14:33:06","guid":{"rendered":"http:\/\/calvaire-hugo.net\/?page_id=395"},"modified":"2024-07-04T16:43:11","modified_gmt":"2024-07-04T14:43:11","slug":"bridge","status":"publish","type":"page","link":"http:\/\/calvaire-hugo.net\/?page_id=395","title":{"rendered":"Bridge"},"content":{"rendered":"\n<figure class=\"wp-block-image size-large\"><img loading=\"lazy\" width=\"964\" height=\"643\" src=\"http:\/\/calvaire-hugo.net\/wp-content\/uploads\/2020\/05\/bridge_3-964x643.jpg\" alt=\"\" class=\"wp-image-3723\" srcset=\"http:\/\/calvaire-hugo.net\/wp-content\/uploads\/2020\/05\/bridge_3-964x643.jpg 964w, http:\/\/calvaire-hugo.net\/wp-content\/uploads\/2020\/05\/bridge_3-300x200.jpg 300w, http:\/\/calvaire-hugo.net\/wp-content\/uploads\/2020\/05\/bridge_3-768x512.jpg 768w, http:\/\/calvaire-hugo.net\/wp-content\/uploads\/2020\/05\/bridge_3-1536x1024.jpg 1536w, http:\/\/calvaire-hugo.net\/wp-content\/uploads\/2020\/05\/bridge_3.jpg 1600w\" sizes=\"(max-width: 964px) 100vw, 964px\" \/><\/figure>\n\n\n\n<p class=\"has-background\" style=\"background-color:#f4ba6e\"><strong>O\u00f9 ? <\/strong>&#8211; Dans les locaux du Comit\u00e9.<\/p>\n\n\n\n<p class=\"has-background\" style=\"background-color:#a39deb\"><strong>Quand ?<\/strong> &#8211; Jeudi de 14h \u00e0 18h.<\/p>\n\n\n\n<p class=\"has-background\" style=\"background-color:#81f099\"><strong>Combien ?<\/strong> &#8211; 13 euros pour l&rsquo;ann\u00e9e.<\/p>\n","protected":false},"excerpt":{"rendered":"<p>O\u00f9 ? &#8211; Dans les locaux du Comit\u00e9. Quand ? &#8211; Jeudi de 14h \u00e0 18h. Combien ? &#8211; 13 euros pour l&rsquo;ann\u00e9e.<\/p>\n","protected":false},"author":1,"featured_media":0,"parent":0,"menu_order":0,"comment_status":"closed","ping_status":"closed","template":"","meta":[],"_links":{"self":[{"href":"http:\/\/calvaire-hugo.net\/index.php?rest_route=\/wp\/v2\/pages\/395"}],"collection":[{"href":"http:\/\/calvaire-hugo.net\/index.php?rest_route=\/wp\/v2\/pages"}],"about":[{"href":"http:\/\/calvaire-hugo.net\/index.php?rest_route=\/wp\/v2\/types\/page"}],"author":[{"embeddable":true,"href":"http:\/\/calvaire-hugo.net\/index.php?rest_route=\/wp\/v2\/users\/1"}],"replies":[{"embeddable":true,"href":"http:\/\/calvaire-hugo.net\/index.php?rest_route=%2Fwp%2Fv2%2Fcomments&post=395"}],"version-history":[{"count":10,"href":"http:\/\/calvaire-hugo.net\/index.php?rest_route=\/wp\/v2\/pages\/395\/revisions"}],"predecessor-version":[{"id":4624,"href":"http:\/\/calvaire-hugo.net\/index.php?rest_route=\/wp\/v2\/pages\/395\/revisions\/4624"}],"wp:attachment":[{"href":"http:\/\/calvaire-hugo.net\/index.php?rest_route=%2Fwp%2Fv2%2Fmedia&parent=395"}],"curies":[{"name":"wp","href":"https:\/\/api.w.org\/{rel}","templated":true}]}}