{"id":391,"date":"2020-04-24T16:31:43","date_gmt":"2020-04-24T14:31:43","guid":{"rendered":"http:\/\/calvaire-hugo.net\/?page_id=391"},"modified":"2024-07-04T16:51:42","modified_gmt":"2024-07-04T14:51:42","slug":"jeux-de-cartes","status":"publish","type":"page","link":"http:\/\/calvaire-hugo.net\/?page_id=391","title":{"rendered":"Jeux de cartes"},"content":{"rendered":"\n<figure class=\"wp-block-image size-large\"><img loading=\"lazy\" width=\"964\" height=\"964\" src=\"http:\/\/calvaire-hugo.net\/wp-content\/uploads\/2020\/05\/cartes-964x964.jpg\" alt=\"\" class=\"wp-image-3468\" srcset=\"http:\/\/calvaire-hugo.net\/wp-content\/uploads\/2020\/05\/cartes-964x964.jpg 964w, http:\/\/calvaire-hugo.net\/wp-content\/uploads\/2020\/05\/cartes-300x300.jpg 300w, http:\/\/calvaire-hugo.net\/wp-content\/uploads\/2020\/05\/cartes-150x150.jpg 150w, http:\/\/calvaire-hugo.net\/wp-content\/uploads\/2020\/05\/cartes-768x768.jpg 768w, http:\/\/calvaire-hugo.net\/wp-content\/uploads\/2020\/05\/cartes-1536x1536.jpg 1536w, http:\/\/calvaire-hugo.net\/wp-content\/uploads\/2020\/05\/cartes.jpg 1772w\" sizes=\"(max-width: 964px) 100vw, 964px\" \/><\/figure>\n\n\n\n<p class=\"has-text-align-center\"><strong>Tarot, Rami, Belote.<\/strong><\/p>\n\n\n\n<p class=\"has-background\" style=\"background-color:#70f4a0\"><strong>O\u00f9 ?<\/strong> &#8211; Dans les locaux du Comit\u00e9.<\/p>\n\n\n\n<p class=\"has-background\" style=\"background-color:#f4d166\"><strong>Quand ?<\/strong> &#8211; Mercredi  de 14h \u00e0 18h.<\/p>\n\n\n\n<p class=\"has-background\" style=\"background-color:#f99273\"><strong>Combien ?<\/strong> &#8211; 13 euros pour l&rsquo;ann\u00e9e. <\/p>\n","protected":false},"excerpt":{"rendered":"<p>Tarot, Rami, Belote. O\u00f9 ? &#8211; Dans les locaux du Comit\u00e9. Quand ? &#8211; Mercredi de 14h \u00e0 18h. Combien ? &#8211; 13 euros pour l&rsquo;ann\u00e9e.<\/p>\n","protected":false},"author":1,"featured_media":0,"parent":0,"menu_order":0,"comment_status":"closed","ping_status":"closed","template":"","meta":[],"_links":{"self":[{"href":"http:\/\/calvaire-hugo.net\/index.php?rest_route=\/wp\/v2\/pages\/391"}],"collection":[{"href":"http:\/\/calvaire-hugo.net\/index.php?rest_route=\/wp\/v2\/pages"}],"about":[{"href":"http:\/\/calvaire-hugo.net\/index.php?rest_route=\/wp\/v2\/types\/page"}],"author":[{"embeddable":true,"href":"http:\/\/calvaire-hugo.net\/index.php?rest_route=\/wp\/v2\/users\/1"}],"replies":[{"embeddable":true,"href":"http:\/\/calvaire-hugo.net\/index.php?rest_route=%2Fwp%2Fv2%2Fcomments&post=391"}],"version-history":[{"count":8,"href":"http:\/\/calvaire-hugo.net\/index.php?rest_route=\/wp\/v2\/pages\/391\/revisions"}],"predecessor-version":[{"id":4634,"href":"http:\/\/calvaire-hugo.net\/index.php?rest_route=\/wp\/v2\/pages\/391\/revisions\/4634"}],"wp:attachment":[{"href":"http:\/\/calvaire-hugo.net\/index.php?rest_route=%2Fwp%2Fv2%2Fmedia&parent=391"}],"curies":[{"name":"wp","href":"https:\/\/api.w.org\/{rel}","templated":true}]}}