{"id":387,"date":"2020-04-24T16:15:09","date_gmt":"2020-04-24T14:15:09","guid":{"rendered":"http:\/\/calvaire-hugo.net\/?page_id=387"},"modified":"2022-11-22T15:20:05","modified_gmt":"2022-11-22T14:20:05","slug":"bibliotheque","status":"publish","type":"page","link":"http:\/\/calvaire-hugo.net\/?page_id=387","title":{"rendered":"Biblioth\u00e8que"},"content":{"rendered":"\n<div class=\"wp-block-image\"><figure class=\"aligncenter size-large\"><img loading=\"lazy\" width=\"494\" height=\"102\" src=\"http:\/\/calvaire-hugo.net\/wp-content\/uploads\/2022\/10\/image-bibliotheque.jpg\" alt=\"\" class=\"wp-image-4388\" srcset=\"http:\/\/calvaire-hugo.net\/wp-content\/uploads\/2022\/10\/image-bibliotheque.jpg 494w, http:\/\/calvaire-hugo.net\/wp-content\/uploads\/2022\/10\/image-bibliotheque-300x62.jpg 300w\" sizes=\"(max-width: 494px) 100vw, 494px\" \/><\/figure><\/div>\n\n\n\n<p><strong>Le Comit\u00e9 dispose actuellement de 810 livres r\u00e9partis dans diff\u00e9rents  th\u00e8mes<\/strong>. Le nombre maximum de livres emprunt\u00e9s est de 3 et le d\u00e9lai pour les rendre est de 3 mois.<\/p>\n\n\n\n<p class=\"has-text-color\" style=\"color:#a30000\"><strong>Liste des livres suivant leur th\u00e8me : <a rel=\"noreferrer noopener\" href=\"http:\/\/calvaire-hugo.net\/wp-content\/uploads\/2022\/10\/ROMANS.pdf\" target=\"_blank\">ROMANS,<\/a> <a href=\"http:\/\/calvaire-hugo.net\/wp-content\/uploads\/2022\/10\/POLICIERS.pdf\" target=\"_blank\" rel=\"noreferrer noopener\">POLICIERS<\/a>, <a href=\"http:\/\/calvaire-hugo.net\/wp-content\/uploads\/2022\/10\/DIVERS.pdf\" target=\"_blank\" rel=\"noreferrer noopener\">DIVERS<\/a> (biographie, histoire, politique et r\u00e9cits) et <a href=\"http:\/\/calvaire-hugo.net\/wp-content\/uploads\/2022\/10\/nouveaux-livres-.pdf\" target=\"_blank\" rel=\"noreferrer noopener\">NOUVEAUX TITRES<\/a><\/strong><\/p>\n\n\n\n<p class=\"has-background\" style=\"background-color:#daeb6a\"><strong>O\u00f9 ?<\/strong> &#8211;<strong> Dans les locaux du Comit\u00e9. vous pouvez vous adresser \u00e0 Nicole le jeudi apr\u00e8s-midi<\/strong><\/p>\n\n\n\n<p class=\"has-background\" style=\"background-color:#aba5ef\"><strong>Quand ?<\/strong> &#8211;<strong> Entr\u00e9e libre, tous les apr\u00e8s-midi, pour les adh\u00e9rents. <\/strong><\/p>\n\n\n\n<p class=\"has-background\" style=\"background-color:#f2a58d\"><strong>Combien ?<\/strong> &#8211;<strong> Gratuit.<\/strong><\/p>\n","protected":false},"excerpt":{"rendered":"<p>Le Comit\u00e9 dispose actuellement de 810 livres r\u00e9partis dans diff\u00e9rents th\u00e8mes. Le nombre maximum de livres emprunt\u00e9s est de 3 et le d\u00e9lai pour les rendre est de 3 mois. Liste des livres suivant leur th\u00e8me : ROMANS, POLICIERS, DIVERS (biographie, histoire, politique et r\u00e9cits) et NOUVEAUX TITRES O\u00f9 ? &#8211; Dans les locaux du &hellip; <a href=\"http:\/\/calvaire-hugo.net\/?page_id=387\" class=\"more-link\">Continuer la lecture de <span class=\"screen-reader-text\">Biblioth\u00e8que<\/span> <span class=\"meta-nav\">&rarr;<\/span><\/a><\/p>\n","protected":false},"author":1,"featured_media":0,"parent":0,"menu_order":0,"comment_status":"open","ping_status":"closed","template":"","meta":[],"_links":{"self":[{"href":"http:\/\/calvaire-hugo.net\/index.php?rest_route=\/wp\/v2\/pages\/387"}],"collection":[{"href":"http:\/\/calvaire-hugo.net\/index.php?rest_route=\/wp\/v2\/pages"}],"about":[{"href":"http:\/\/calvaire-hugo.net\/index.php?rest_route=\/wp\/v2\/types\/page"}],"author":[{"embeddable":true,"href":"http:\/\/calvaire-hugo.net\/index.php?rest_route=\/wp\/v2\/users\/1"}],"replies":[{"embeddable":true,"href":"http:\/\/calvaire-hugo.net\/index.php?rest_route=%2Fwp%2Fv2%2Fcomments&post=387"}],"version-history":[{"count":18,"href":"http:\/\/calvaire-hugo.net\/index.php?rest_route=\/wp\/v2\/pages\/387\/revisions"}],"predecessor-version":[{"id":4414,"href":"http:\/\/calvaire-hugo.net\/index.php?rest_route=\/wp\/v2\/pages\/387\/revisions\/4414"}],"wp:attachment":[{"href":"http:\/\/calvaire-hugo.net\/index.php?rest_route=%2Fwp%2Fv2%2Fmedia&parent=387"}],"curies":[{"name":"wp","href":"https:\/\/api.w.org\/{rel}","templated":true}]}}