{"id":371,"date":"2020-04-24T16:07:36","date_gmt":"2020-04-24T14:07:36","guid":{"rendered":"http:\/\/calvaire-hugo.net\/?page_id=371"},"modified":"2024-07-04T16:46:48","modified_gmt":"2024-07-04T14:46:48","slug":"initiation-au-dessin","status":"publish","type":"page","link":"http:\/\/calvaire-hugo.net\/?page_id=371","title":{"rendered":"Dessin classique"},"content":{"rendered":"\n<div class=\"wp-block-image\"><figure class=\"aligncenter size-large\"><img loading=\"lazy\" width=\"259\" height=\"194\" src=\"http:\/\/calvaire-hugo.net\/wp-content\/uploads\/2021\/06\/dessin.jpg\" alt=\"\" class=\"wp-image-4152\"\/><\/figure><\/div>\n\n\n\n<p class=\"has-light-brown-background-color has-background\"><strong>O\u00f9 ?<\/strong> &#8211; Dans les locaux du Comit\u00e9.<\/p>\n\n\n\n<p class=\"has-background\" style=\"background-color:#bb80ef\"><strong>Quand ?<\/strong> &#8211; Jeudi de 9h30 \u00e0 12h<\/p>\n\n\n\n<p class=\"has-background\" style=\"background-color:#77cbef\"><strong>Combien ?<\/strong> &#8211; 13 euros pour l&rsquo;ann\u00e9e.<\/p>\n\n\n\n<p class=\"has-background\" style=\"background-color:#e79d85\"><strong>Conditions :<\/strong> &#8211; Activit\u00e9 limit\u00e9e \u00e0 5 personnes. &#8211; Obligation d&rsquo;avoir internet.<\/p>\n","protected":false},"excerpt":{"rendered":"<p>O\u00f9 ? &#8211; Dans les locaux du Comit\u00e9. Quand ? &#8211; Jeudi de 9h30 \u00e0 12h Combien ? &#8211; 13 euros pour l&rsquo;ann\u00e9e. Conditions : &#8211; Activit\u00e9 limit\u00e9e \u00e0 5 personnes. &#8211; Obligation d&rsquo;avoir internet.<\/p>\n","protected":false},"author":1,"featured_media":0,"parent":0,"menu_order":0,"comment_status":"closed","ping_status":"closed","template":"","meta":[],"_links":{"self":[{"href":"http:\/\/calvaire-hugo.net\/index.php?rest_route=\/wp\/v2\/pages\/371"}],"collection":[{"href":"http:\/\/calvaire-hugo.net\/index.php?rest_route=\/wp\/v2\/pages"}],"about":[{"href":"http:\/\/calvaire-hugo.net\/index.php?rest_route=\/wp\/v2\/types\/page"}],"author":[{"embeddable":true,"href":"http:\/\/calvaire-hugo.net\/index.php?rest_route=\/wp\/v2\/users\/1"}],"replies":[{"embeddable":true,"href":"http:\/\/calvaire-hugo.net\/index.php?rest_route=%2Fwp%2Fv2%2Fcomments&post=371"}],"version-history":[{"count":7,"href":"http:\/\/calvaire-hugo.net\/index.php?rest_route=\/wp\/v2\/pages\/371\/revisions"}],"predecessor-version":[{"id":4628,"href":"http:\/\/calvaire-hugo.net\/index.php?rest_route=\/wp\/v2\/pages\/371\/revisions\/4628"}],"wp:attachment":[{"href":"http:\/\/calvaire-hugo.net\/index.php?rest_route=%2Fwp%2Fv2%2Fmedia&parent=371"}],"curies":[{"name":"wp","href":"https:\/\/api.w.org\/{rel}","templated":true}]}}