{"id":3085,"date":"2020-05-07T02:22:39","date_gmt":"2020-05-07T00:22:39","guid":{"rendered":"http:\/\/calvaire-hugo.net\/?page_id=3085"},"modified":"2020-05-22T20:19:26","modified_gmt":"2020-05-22T18:19:26","slug":"aide-a-la-navigation","status":"publish","type":"page","link":"http:\/\/calvaire-hugo.net\/?page_id=3085","title":{"rendered":"Aide \u00e0 la navigation"},"content":{"rendered":"\n<p style=\"background-color:#5820f8\" class=\"has-text-color has-background has-white-color\">Le site s&rsquo;ouvre sur la page de la rubrique \u00ab\u00a0<strong>Actualit\u00e9s<\/strong>\u00ab\u00a0. <\/p>\n\n\n\n<p style=\"background-color:#d3c6f8\" class=\"has-text-color has-background has-dark-gray-color\">La page est compos\u00e9e d&rsquo;articles qui s&rsquo;affichent <strong>10 par 10<\/strong>. Pour choisir un article, faire d\u00e9filer la page. Pour  voir d&rsquo;avantage d&rsquo;articles, cliquer, au bas de la page, sur \u00ab\u00a0<strong>Articles plus anciens<\/strong>\u00ab\u00a0.  Pour revenir en arri\u00e8re, cliquer sur \u00ab\u00a0<strong>Articles plus r\u00e9cents<\/strong>\u00ab\u00a0.<\/p>\n\n\n\n<p style=\"background-color:#d3c6f8\" class=\"has-background\">Afin de pouvoir les retrouver plus facilement, les articles sont class\u00e9s par \u00ab\u00a0<strong>cat\u00e9gories<\/strong>\u00ab\u00a0. La s\u00e9lection de la cat\u00e9gorie se fait au bas de la page.<\/p>\n\n\n\n<p style=\"background-color:#d3c6f8\" class=\"has-background\">Par ailleurs, vous pouvez laisser un <strong>commentaire<\/strong> ou lire les commentaires d\u00e9j\u00e0 r\u00e9dig\u00e9s.<\/p>\n\n\n\n<p style=\"background-color:#5820f8\" class=\"has-text-color has-background has-white-color\">Tout en haut de la page, se trouve le \u00ab\u00a0<strong>menu<\/strong>\u00ab\u00a0<\/p>\n\n\n\n<p style=\"background-color:#d3c6f8\" class=\"has-background\">Dans  les versions pour <strong>ordinateur<\/strong> ou <strong>tablette<\/strong>, certaines rubriques de ce menu principal proposent des menus d\u00e9roulants  qui vous am\u00e8nent vers les diff\u00e9rentes rubriques du site.<\/p>\n\n\n\n<figure class=\"wp-block-image size-large\"><img loading=\"lazy\" width=\"964\" height=\"659\" src=\"http:\/\/calvaire-hugo.net\/wp-content\/uploads\/2020\/05\/menu2-964x659.jpg\" alt=\"\" class=\"wp-image-3705\" srcset=\"http:\/\/calvaire-hugo.net\/wp-content\/uploads\/2020\/05\/menu2-964x659.jpg 964w, http:\/\/calvaire-hugo.net\/wp-content\/uploads\/2020\/05\/menu2-300x205.jpg 300w, http:\/\/calvaire-hugo.net\/wp-content\/uploads\/2020\/05\/menu2-768x525.jpg 768w, http:\/\/calvaire-hugo.net\/wp-content\/uploads\/2020\/05\/menu2.jpg 992w\" sizes=\"(max-width: 964px) 100vw, 964px\" \/><\/figure>\n\n\n\n<p style=\"background-color:#d3c6f8\" class=\"has-background\">Dans la version pour <strong>t\u00e9l\u00e9phone<\/strong>, les menus ne sont pas d\u00e9roulants mais s&rsquo;affichent en cascade.<\/p>\n\n\n\n<div class=\"wp-block-image\"><figure class=\"aligncenter size-large is-resized\"><img loading=\"lazy\" src=\"http:\/\/calvaire-hugo.net\/wp-content\/uploads\/2020\/05\/Menu-portable-copie-489x964.jpg\" alt=\"\" class=\"wp-image-3694\" width=\"245\" height=\"482\" srcset=\"http:\/\/calvaire-hugo.net\/wp-content\/uploads\/2020\/05\/Menu-portable-copie-489x964.jpg 489w, http:\/\/calvaire-hugo.net\/wp-content\/uploads\/2020\/05\/Menu-portable-copie-152x300.jpg 152w, http:\/\/calvaire-hugo.net\/wp-content\/uploads\/2020\/05\/Menu-portable-copie-768x1515.jpg 768w, http:\/\/calvaire-hugo.net\/wp-content\/uploads\/2020\/05\/Menu-portable-copie-1038x2048.jpg 1038w\" sizes=\"(max-width: 245px) 100vw, 245px\" \/><\/figure><\/div>\n\n\n\n<p style=\"background-color:#5820f8\" class=\"has-text-color has-background has-text-align-center has-white-color\"><strong>Bonne navigation !<\/strong><\/p>\n","protected":false},"excerpt":{"rendered":"<p>Le site s&rsquo;ouvre sur la page de la rubrique \u00ab\u00a0Actualit\u00e9s\u00ab\u00a0. La page est compos\u00e9e d&rsquo;articles qui s&rsquo;affichent 10 par 10. Pour choisir un article, faire d\u00e9filer la page. Pour voir d&rsquo;avantage d&rsquo;articles, cliquer, au bas de la page, sur \u00ab\u00a0Articles plus anciens\u00ab\u00a0. Pour revenir en arri\u00e8re, cliquer sur \u00ab\u00a0Articles plus r\u00e9cents\u00ab\u00a0. Afin de pouvoir les &hellip; <a href=\"http:\/\/calvaire-hugo.net\/?page_id=3085\" class=\"more-link\">Continuer la lecture de <span class=\"screen-reader-text\">Aide \u00e0 la navigation<\/span> <span class=\"meta-nav\">&rarr;<\/span><\/a><\/p>\n","protected":false},"author":1,"featured_media":0,"parent":0,"menu_order":0,"comment_status":"closed","ping_status":"closed","template":"","meta":[],"_links":{"self":[{"href":"http:\/\/calvaire-hugo.net\/index.php?rest_route=\/wp\/v2\/pages\/3085"}],"collection":[{"href":"http:\/\/calvaire-hugo.net\/index.php?rest_route=\/wp\/v2\/pages"}],"about":[{"href":"http:\/\/calvaire-hugo.net\/index.php?rest_route=\/wp\/v2\/types\/page"}],"author":[{"embeddable":true,"href":"http:\/\/calvaire-hugo.net\/index.php?rest_route=\/wp\/v2\/users\/1"}],"replies":[{"embeddable":true,"href":"http:\/\/calvaire-hugo.net\/index.php?rest_route=%2Fwp%2Fv2%2Fcomments&post=3085"}],"version-history":[{"count":22,"href":"http:\/\/calvaire-hugo.net\/index.php?rest_route=\/wp\/v2\/pages\/3085\/revisions"}],"predecessor-version":[{"id":3706,"href":"http:\/\/calvaire-hugo.net\/index.php?rest_route=\/wp\/v2\/pages\/3085\/revisions\/3706"}],"wp:attachment":[{"href":"http:\/\/calvaire-hugo.net\/index.php?rest_route=%2Fwp%2Fv2%2Fmedia&parent=3085"}],"curies":[{"name":"wp","href":"https:\/\/api.w.org\/{rel}","templated":true}]}}