{"id":2269,"date":"2020-05-02T04:30:26","date_gmt":"2020-05-02T02:30:26","guid":{"rendered":"http:\/\/calvaire-hugo.net\/?page_id=2269"},"modified":"2021-01-26T15:57:05","modified_gmt":"2021-01-26T14:57:05","slug":"randonnee-23-01-20","status":"publish","type":"page","link":"http:\/\/calvaire-hugo.net\/?page_id=2269","title":{"rendered":"Randonn\u00e9e du 23-01-20"},"content":{"rendered":"\n<p class=\"has-background has-medium-font-size\" style=\"background-color:#98f28c\"><strong>Beaufort-sur-Gervanne<\/strong><\/p>\n\n\n\n<p class=\"has-dark-gray-color has-text-color has-background has-normal-font-size\" style=\"background-color:#98f28c\">\u00ab\u00a0Belle et agr\u00e9able journ\u00e9e pass\u00e9e sur les hauteurs de Beaufort sur Gervanne d&rsquo;o\u00f9 nous d\u00e9couvrons la Croix de Vellan, Le Veymont enneig\u00e9 et bien s\u00fbr Les 3 Becs ainsi que la vall\u00e9e. Puis, sans crier gare, nous nous sommes retrouv\u00e9s \u00e0 Perrache mais pas de train, \u00e0 cause des gr\u00e8ves !\u00a0\u00bb<br>Mireille<\/p>\n\n\n\n<style id=\"bwg-style-0\">    #bwg_container1_0 #bwg_container2_0 .bwg-container-0.bwg-standard-thumbnails {      width: 1254px;              justify-content: center;        margin:0 auto !important;              background-color: rgba(255, 255, 255, 0.00);            padding-left: 4px;      padding-top: 4px;      max-width: 100%;            }        #bwg_container1_0 #bwg_container2_0 .bwg-container-0.bwg-standard-thumbnails .bwg-item {      justify-content: flex-start;      max-width: 250px;          }    #bwg_container1_0 #bwg_container2_0 .bwg-container-0.bwg-standard-thumbnails .bwg-item > a {       margin-right: 4px;       margin-bottom: 4px;    }    #bwg_container1_0 #bwg_container2_0 .bwg-container-0.bwg-standard-thumbnails .bwg-item0 {      padding: 0px;            background-color:rgba(0,0,0, 0.30);      border: 0px none #CCCCCC;      opacity: 1.00;      border-radius: 0;      box-shadow: ;    }    #bwg_container1_0 #bwg_container2_0 .bwg-container-0.bwg-standard-thumbnails .bwg-item1 img {      max-height: none;      max-width: none;      padding: 0 !important;    }         @media only screen and (min-width: 480px) {\t\t#bwg_container1_0 #bwg_container2_0 .bwg-container-0.bwg-standard-thumbnails .bwg-item1 img {\t\t\t-webkit-transition: all .3s; transition: all .3s;\t\t}\t\t#bwg_container1_0 #bwg_container2_0 .bwg-container-0.bwg-standard-thumbnails .bwg-item1 img:hover {\t\t\t-ms-transform: scale(1.08);\t\t\t-webkit-transform: scale(1.08);\t\t\ttransform: scale(1.08);\t\t}\t\t\t\t.bwg-standard-thumbnails .bwg-zoom-effect .bwg-zoom-effect-overlay {\t\t\t\t\t\tbackground-color:rgba(0,0,0, 0.3);\t\t}\t\t.bwg-standard-thumbnails .bwg-zoom-effect:hover img {\t\t\t-ms-transform: scale(1.08);\t\t\t-webkit-transform: scale(1.08);\t\t\ttransform: scale(1.08);\t\t}\t\t      }\t    #bwg_container1_0 #bwg_container2_0 .bwg-container-0.bwg-standard-thumbnails .bwg-item1 {      padding-top: 56%;    }        #bwg_container1_0 #bwg_container2_0 .bwg-container-0.bwg-standard-thumbnails .bwg-title1 {      position: absolute;      top: 0;      z-index: 100;      width: 100%;      height: 100%;      display: flex;      justify-content: center;      align-content: center;      flex-direction: column;      opacity: 0;    }\t      #bwg_container1_0 #bwg_container2_0 .bwg-container-0.bwg-standard-thumbnails .bwg-title2,    #bwg_container1_0 #bwg_container2_0 .bwg-container-0.bwg-standard-thumbnails .bwg-ecommerce2 {      color: #FFFFFF;      font-family: Ubuntu;      font-size: 16px;      font-weight: bold;      padding: 2px;      text-shadow: ;      max-height: 100%;    }    #bwg_container1_0 #bwg_container2_0 .bwg-container-0.bwg-standard-thumbnails .bwg-thumb-description span {    color: #323A45;    font-family: Ubuntu;    font-size: 12px;    max-height: 100%;    word-wrap: break-word;    }    #bwg_container1_0 #bwg_container2_0 .bwg-container-0.bwg-standard-thumbnails .bwg-play-icon2 {      font-size: 32px;    }    #bwg_container1_0 #bwg_container2_0 .bwg-container-0.bwg-standard-thumbnails .bwg-ecommerce2 {      font-size: 19.2px;      color: #323A45;    }    <\/style>    <div id=\"bwg_container1_0\"         class=\"bwg_container bwg_thumbnail bwg_thumbnails\"         data-right-click-protection=\"0\"         data-bwg=\"0\"         data-current-url=\"http:\/\/calvaire-hugo.net\/index.php?rest_route=%2Fwp%2Fv2%2Fpages%2F2269\"         data-lightbox-url=\"http:\/\/calvaire-hugo.net\/wp-admin\/admin-ajax.php?action=GalleryBox&current_view=0&gallery_id=3&tag=0&theme_id=1&shortcode_id=7&sort_by=order&order_by=asc&current_url=http%3A%2F%2Fcalvaire-hugo.net%2Findex.php%3Frest_route%3D%252Fwp%252Fv2%252Fpages%252F2269\"         data-gallery-id=\"3\"         data-popup-width=\"800\"         data-popup-height=\"500\"         data-buttons-position=\"bottom\">      <div id=\"bwg_container2_0\">             <div id=\"ajax_loading_0\" class=\"bwg_loading_div_1\">      <div class=\"bwg_loading_div_2\">        <div class=\"bwg_loading_div_3\">          <div id=\"loading_div_0\" class=\"bwg_spider_ajax_loading\">          <\/div>        <\/div>      <\/div>    <\/div>            <form id=\"gal_front_form_0\"              class=\"bwg-hidden\"              method=\"post\"              action=\"#\"              data-current=\"0\"              data-shortcode-id=\"7\"              data-gallery-type=\"thumbnails\"              data-gallery-id=\"3\"              data-tag=\"0\"              data-album-id=\"0\"              data-theme-id=\"1\"              data-ajax-url=\"http:\/\/calvaire-hugo.net\/wp-admin\/admin-ajax.php?action=bwg_frontend_data\">          <div id=\"bwg_container3_0\" class=\"bwg-background bwg-background-0\">                <div data-max-count=\"5\"         data-thumbnail-width=\"250\"         data-bwg=\"0\"         data-gallery-id=\"3\"         data-lightbox-url=\"http:\/\/calvaire-hugo.net\/wp-admin\/admin-ajax.php?action=GalleryBox&current_view=0&gallery_id=3&tag=0&theme_id=1&shortcode_id=7&sort_by=order&order_by=asc&current_url=http%3A%2F%2Fcalvaire-hugo.net%2Findex.php%3Frest_route%3D%252Fwp%252Fv2%252Fpages%252F2269\"         id=\"bwg_thumbnails_0\"         class=\"bwg-container-0 bwg-thumbnails bwg-standard-thumbnails bwg-container bwg-border-box\">            <div class=\"bwg-item\">        <a class=\"bwg-a bwg_lightbox\"  data-image-id=\"50\" href=\"http:\/\/calvaire-hugo.net\/wp-content\/uploads\/photo-gallery\/Beaufort_sur_Gervannes\/DSCF7346.jpg?bwg=1611671961\">                <div class=\"bwg-item0 \">          <div class=\"bwg-item1 bwg-zoom-effect\">            <div class=\"bwg-item2\">              <img class=\"skip-lazy bwg_standart_thumb_img_0 \"                   data-id=\"50\"                   data-width=\"1200\"                   data-height=\"900\"                   data-original=\"http:\/\/calvaire-hugo.net\/wp-content\/uploads\/photo-gallery\/Beaufort_sur_Gervannes\/thumb\/DSCF7346.jpg?bwg=1611671961\"                   src=\"http:\/\/calvaire-hugo.net\/wp-content\/uploads\/photo-gallery\/Beaufort_sur_Gervannes\/thumb\/DSCF7346.jpg?bwg=1611671961\"                   alt=\"\" \/>            <\/div>            <div class=\"bwg-zoom-effect-overlay\">              <div class=\"bwg-title1\"><div class=\"bwg-title2\">&nbsp;<\/div><\/div>                                        <\/div>          <\/div>        <\/div>                                <\/a>      <\/div>            <div class=\"bwg-item\">        <a class=\"bwg-a bwg_lightbox\"  data-image-id=\"49\" href=\"http:\/\/calvaire-hugo.net\/wp-content\/uploads\/photo-gallery\/Beaufort_sur_Gervannes\/DSCF7343.jpg?bwg=1611671961\">                <div class=\"bwg-item0 \">          <div class=\"bwg-item1 bwg-zoom-effect\">            <div class=\"bwg-item2\">              <img class=\"skip-lazy bwg_standart_thumb_img_0 \"                   data-id=\"49\"                   data-width=\"1200\"                   data-height=\"900\"                   data-original=\"http:\/\/calvaire-hugo.net\/wp-content\/uploads\/photo-gallery\/Beaufort_sur_Gervannes\/thumb\/DSCF7343.jpg?bwg=1611671961\"                   src=\"http:\/\/calvaire-hugo.net\/wp-content\/uploads\/photo-gallery\/Beaufort_sur_Gervannes\/thumb\/DSCF7343.jpg?bwg=1611671961\"                   alt=\"\" \/>            <\/div>            <div class=\"bwg-zoom-effect-overlay\">              <div class=\"bwg-title1\"><div class=\"bwg-title2\">&nbsp;<\/div><\/div>                                        <\/div>          <\/div>        <\/div>                                <\/a>      <\/div>            <div class=\"bwg-item\">        <a class=\"bwg-a bwg_lightbox\"  data-image-id=\"48\" href=\"http:\/\/calvaire-hugo.net\/wp-content\/uploads\/photo-gallery\/Beaufort_sur_Gervannes\/DSCF7340.jpg?bwg=1611671961\">                <div class=\"bwg-item0 \">          <div class=\"bwg-item1 bwg-zoom-effect\">            <div class=\"bwg-item2\">              <img class=\"skip-lazy bwg_standart_thumb_img_0 \"                   data-id=\"48\"                   data-width=\"1200\"                   data-height=\"900\"                   data-original=\"http:\/\/calvaire-hugo.net\/wp-content\/uploads\/photo-gallery\/Beaufort_sur_Gervannes\/thumb\/DSCF7340.jpg?bwg=1611671961\"                   src=\"http:\/\/calvaire-hugo.net\/wp-content\/uploads\/photo-gallery\/Beaufort_sur_Gervannes\/thumb\/DSCF7340.jpg?bwg=1611671961\"                   alt=\"\" \/>            <\/div>            <div class=\"bwg-zoom-effect-overlay\">              <div class=\"bwg-title1\"><div class=\"bwg-title2\">&nbsp;<\/div><\/div>                                        <\/div>          <\/div>        <\/div>                                <\/a>      <\/div>            <div class=\"bwg-item\">        <a class=\"bwg-a bwg_lightbox\"  data-image-id=\"47\" href=\"http:\/\/calvaire-hugo.net\/wp-content\/uploads\/photo-gallery\/Beaufort_sur_Gervannes\/DSCF7341.jpg?bwg=1611671961\">                <div class=\"bwg-item0 \">          <div class=\"bwg-item1 bwg-zoom-effect\">            <div class=\"bwg-item2\">              <img class=\"skip-lazy bwg_standart_thumb_img_0 \"                   data-id=\"47\"                   data-width=\"768\"                   data-height=\"1024\"                   data-original=\"http:\/\/calvaire-hugo.net\/wp-content\/uploads\/photo-gallery\/Beaufort_sur_Gervannes\/thumb\/DSCF7341.jpg?bwg=1611671961\"                   src=\"http:\/\/calvaire-hugo.net\/wp-content\/uploads\/photo-gallery\/Beaufort_sur_Gervannes\/thumb\/DSCF7341.jpg?bwg=1611671961\"                   alt=\"\" \/>            <\/div>            <div class=\"bwg-zoom-effect-overlay\">              <div class=\"bwg-title1\"><div class=\"bwg-title2\">&nbsp;<\/div><\/div>                                        <\/div>          <\/div>        <\/div>                                <\/a>      <\/div>            <div class=\"bwg-item\">        <a class=\"bwg-a bwg_lightbox\"  data-image-id=\"46\" href=\"http:\/\/calvaire-hugo.net\/wp-content\/uploads\/photo-gallery\/Beaufort_sur_Gervannes\/DSCF7337.jpg?bwg=1611671961\">                <div class=\"bwg-item0 \">          <div class=\"bwg-item1 bwg-zoom-effect\">            <div class=\"bwg-item2\">              <img class=\"skip-lazy bwg_standart_thumb_img_0 \"                   data-id=\"46\"                   data-width=\"1200\"                   data-height=\"900\"                   data-original=\"http:\/\/calvaire-hugo.net\/wp-content\/uploads\/photo-gallery\/Beaufort_sur_Gervannes\/thumb\/DSCF7337.jpg?bwg=1611671961\"                   src=\"http:\/\/calvaire-hugo.net\/wp-content\/uploads\/photo-gallery\/Beaufort_sur_Gervannes\/thumb\/DSCF7337.jpg?bwg=1611671961\"                   alt=\"\" \/>            <\/div>            <div class=\"bwg-zoom-effect-overlay\">              <div class=\"bwg-title1\"><div class=\"bwg-title2\">&nbsp;<\/div><\/div>                                        <\/div>          <\/div>        <\/div>                                <\/a>      <\/div>            <div class=\"bwg-item\">        <a class=\"bwg-a bwg_lightbox\"  data-image-id=\"45\" href=\"http:\/\/calvaire-hugo.net\/wp-content\/uploads\/photo-gallery\/Beaufort_sur_Gervannes\/DSCF7345.jpg?bwg=1611671961\">                <div class=\"bwg-item0 \">          <div class=\"bwg-item1 bwg-zoom-effect\">            <div class=\"bwg-item2\">              <img class=\"skip-lazy bwg_standart_thumb_img_0 \"                   data-id=\"45\"                   data-width=\"1200\"                   data-height=\"900\"                   data-original=\"http:\/\/calvaire-hugo.net\/wp-content\/uploads\/photo-gallery\/Beaufort_sur_Gervannes\/thumb\/DSCF7345.jpg?bwg=1611671961\"                   src=\"http:\/\/calvaire-hugo.net\/wp-content\/uploads\/photo-gallery\/Beaufort_sur_Gervannes\/thumb\/DSCF7345.jpg?bwg=1611671961\"                   alt=\"\" \/>            <\/div>            <div class=\"bwg-zoom-effect-overlay\">              <div class=\"bwg-title1\"><div class=\"bwg-title2\">&nbsp;<\/div><\/div>                                        <\/div>          <\/div>        <\/div>                                <\/a>      <\/div>            <div class=\"bwg-item\">        <a class=\"bwg-a bwg_lightbox\"  data-image-id=\"44\" href=\"http:\/\/calvaire-hugo.net\/wp-content\/uploads\/photo-gallery\/Beaufort_sur_Gervannes\/DSCF7329_Beaufort_sur_Gervanne.jpg?bwg=1611671961\">                <div class=\"bwg-item0 \">          <div class=\"bwg-item1 bwg-zoom-effect\">            <div class=\"bwg-item2\">              <img class=\"skip-lazy bwg_standart_thumb_img_0 \"                   data-id=\"44\"                   data-width=\"1200\"                   data-height=\"900\"                   data-original=\"http:\/\/calvaire-hugo.net\/wp-content\/uploads\/photo-gallery\/Beaufort_sur_Gervannes\/thumb\/DSCF7329_Beaufort_sur_Gervanne.jpg?bwg=1611671961\"                   src=\"http:\/\/calvaire-hugo.net\/wp-content\/uploads\/photo-gallery\/Beaufort_sur_Gervannes\/thumb\/DSCF7329_Beaufort_sur_Gervanne.jpg?bwg=1611671961\"                   alt=\"\" \/>            <\/div>            <div class=\"bwg-zoom-effect-overlay\">              <div class=\"bwg-title1\"><div class=\"bwg-title2\">&nbsp;<\/div><\/div>                                        <\/div>          <\/div>        <\/div>                                <\/a>      <\/div>            <div class=\"bwg-item\">        <a class=\"bwg-a bwg_lightbox\"  data-image-id=\"43\" href=\"http:\/\/calvaire-hugo.net\/wp-content\/uploads\/photo-gallery\/Beaufort_sur_Gervannes\/DSCF7331.jpg?bwg=1611671961\">                <div class=\"bwg-item0 \">          <div class=\"bwg-item1 bwg-zoom-effect\">            <div class=\"bwg-item2\">              <img class=\"skip-lazy bwg_standart_thumb_img_0 \"                   data-id=\"43\"                   data-width=\"1200\"                   data-height=\"900\"                   data-original=\"http:\/\/calvaire-hugo.net\/wp-content\/uploads\/photo-gallery\/Beaufort_sur_Gervannes\/thumb\/DSCF7331.jpg?bwg=1611671961\"                   src=\"http:\/\/calvaire-hugo.net\/wp-content\/uploads\/photo-gallery\/Beaufort_sur_Gervannes\/thumb\/DSCF7331.jpg?bwg=1611671961\"                   alt=\"\" \/>            <\/div>            <div class=\"bwg-zoom-effect-overlay\">              <div class=\"bwg-title1\"><div class=\"bwg-title2\">&nbsp;<\/div><\/div>                                        <\/div>          <\/div>        <\/div>                                <\/a>      <\/div>            <div class=\"bwg-item\">        <a class=\"bwg-a bwg_lightbox\"  data-image-id=\"42\" href=\"http:\/\/calvaire-hugo.net\/wp-content\/uploads\/photo-gallery\/Beaufort_sur_Gervannes\/DSCF7330.jpg?bwg=1611671961\">                <div class=\"bwg-item0 \">          <div class=\"bwg-item1 bwg-zoom-effect\">            <div class=\"bwg-item2\">              <img class=\"skip-lazy bwg_standart_thumb_img_0 \"                   data-id=\"42\"                   data-width=\"1200\"                   data-height=\"900\"                   data-original=\"http:\/\/calvaire-hugo.net\/wp-content\/uploads\/photo-gallery\/Beaufort_sur_Gervannes\/thumb\/DSCF7330.jpg?bwg=1611671961\"                   src=\"http:\/\/calvaire-hugo.net\/wp-content\/uploads\/photo-gallery\/Beaufort_sur_Gervannes\/thumb\/DSCF7330.jpg?bwg=1611671961\"                   alt=\"\" \/>            <\/div>            <div class=\"bwg-zoom-effect-overlay\">              <div class=\"bwg-title1\"><div class=\"bwg-title2\">&nbsp;<\/div><\/div>                                        <\/div>          <\/div>        <\/div>                                <\/a>      <\/div>            <div class=\"bwg-item\">        <a class=\"bwg-a bwg_lightbox\"  data-image-id=\"41\" href=\"http:\/\/calvaire-hugo.net\/wp-content\/uploads\/photo-gallery\/Beaufort_sur_Gervannes\/DSCF7336.jpg?bwg=1611671961\">                <div class=\"bwg-item0 \">          <div class=\"bwg-item1 bwg-zoom-effect\">            <div class=\"bwg-item2\">              <img class=\"skip-lazy bwg_standart_thumb_img_0 \"                   data-id=\"41\"                   data-width=\"1200\"                   data-height=\"900\"                   data-original=\"http:\/\/calvaire-hugo.net\/wp-content\/uploads\/photo-gallery\/Beaufort_sur_Gervannes\/thumb\/DSCF7336.jpg?bwg=1611671961\"                   src=\"http:\/\/calvaire-hugo.net\/wp-content\/uploads\/photo-gallery\/Beaufort_sur_Gervannes\/thumb\/DSCF7336.jpg?bwg=1611671961\"                   alt=\"\" \/>            <\/div>            <div class=\"bwg-zoom-effect-overlay\">              <div class=\"bwg-title1\"><div class=\"bwg-title2\">&nbsp;<\/div><\/div>                                        <\/div>          <\/div>        <\/div>                                <\/a>      <\/div>            <div class=\"bwg-item\">        <a class=\"bwg-a bwg_lightbox\"  data-image-id=\"40\" href=\"http:\/\/calvaire-hugo.net\/wp-content\/uploads\/photo-gallery\/Beaufort_sur_Gervannes\/DSCF7328_La_Croix_de_Vellan.jpg?bwg=1611671961\">                <div class=\"bwg-item0 \">          <div class=\"bwg-item1 bwg-zoom-effect\">            <div class=\"bwg-item2\">              <img class=\"skip-lazy bwg_standart_thumb_img_0 \"                   data-id=\"40\"                   data-width=\"1200\"                   data-height=\"900\"                   data-original=\"http:\/\/calvaire-hugo.net\/wp-content\/uploads\/photo-gallery\/Beaufort_sur_Gervannes\/thumb\/DSCF7328_La_Croix_de_Vellan.jpg?bwg=1611671961\"                   src=\"http:\/\/calvaire-hugo.net\/wp-content\/uploads\/photo-gallery\/Beaufort_sur_Gervannes\/thumb\/DSCF7328_La_Croix_de_Vellan.jpg?bwg=1611671961\"                   alt=\"\" \/>            <\/div>            <div class=\"bwg-zoom-effect-overlay\">              <div class=\"bwg-title1\"><div class=\"bwg-title2\">&nbsp;<\/div><\/div>                                        <\/div>          <\/div>        <\/div>                                <\/a>      <\/div>          <\/div>    <style>      \/*pagination styles*\/      #bwg_container1_0 #bwg_container2_0 .tablenav-pages_0 {      text-align: center;      font-size: 12px;      font-family: Ubuntu;      font-weight: bold;      color: #666666;      margin: 6px 0 4px;      display: block;      height: 30px;      line-height: 30px;      }      @media only screen and (max-width : 320px) {      #bwg_container1_0 #bwg_container2_0 .displaying-num_0 {      display: none;      }      }      #bwg_container1_0 #bwg_container2_0 .displaying-num_0 {      font-size: 12px;      font-family: Ubuntu;      font-weight: bold;      color: #666666;      margin-right: 10px;      vertical-align: middle;      }      #bwg_container1_0 #bwg_container2_0 .paging-input_0 {      font-size: 12px;      font-family: Ubuntu;      font-weight: bold;      color: #666666;      vertical-align: middle;      }      #bwg_container1_0 #bwg_container2_0 .tablenav-pages_0 a.disabled,      #bwg_container1_0 #bwg_container2_0 .tablenav-pages_0 a.disabled:hover,      #bwg_container1_0 #bwg_container2_0 .tablenav-pages_0 a.disabled:focus {      cursor: default;      color: rgba(102, 102, 102, 0.5);      }      #bwg_container1_0 #bwg_container2_0 .tablenav-pages_0 a {      cursor: pointer;      font-size: 12px;      font-family: Ubuntu;      font-weight: bold;      color: #666666;      text-decoration: none;      padding: 3px 6px;      margin: 0;      border-radius: 0;      border-style: solid;      border-width: 1px;      border-color: #E3E3E3;      background-color: #FFFFFF;      opacity: 1.00;      box-shadow: 0;      transition: all 0.3s ease 0s;-webkit-transition: all 0.3s ease 0s;      }      <\/style>      <span class=\"bwg_nav_cont_0\">              <div class=\"tablenav-pages_0\">                  <\/div>                <input type=\"hidden\" id=\"page_number_0\" name=\"page_number_0\" value=\"1\" \/>      <script type=\"text\/javascript\">        function spider_page_0(cur, x, y, load_more) {          if (typeof load_more == \"undefined\") {            var load_more = false;          }          if (jQuery(cur).hasClass('disabled')) {            return false;          }          var items_county_0 = 1;          switch (y) {            case 1:              if (x >= items_county_0) {                document.getElementById('page_number_0').value = items_county_0;              }              else {                document.getElementById('page_number_0').value = x + 1;              }              break;            case 2:              document.getElementById('page_number_0').value = items_county_0;              break;            case -1:              if (x == 1) {                document.getElementById('page_number_0').value = 1;              }              else {                document.getElementById('page_number_0').value = x - 1;              }              break;            case -2:              document.getElementById('page_number_0').value = 1;              break;            default:              document.getElementById('page_number_0').value = 1;          }          bwg_ajax('gal_front_form_0', '0', 'bwg_thumbnails_0', '0', '', '', 0, '', '', load_more, '', 1);        }                    jQuery('.first-page-0').on('click', function () {              spider_page_0(this, 1, -2, 'numeric');              return false;            });            jQuery('.prev-page-0').on('click', function () {              spider_page_0(this, 1, -1, 'numeric');              return false;            });            jQuery('.next-page-0').on('click', function () {              spider_page_0(this, 1, 1, 'numeric');              return false;            });            jQuery('.last-page-0').on('click', function () {              spider_page_0(this, 1, 2, 'numeric');              return false;            });                jQuery('.bwg_load_btn_0').on('click', function () {            spider_page_0(this, 1, 1, true);            return false;        });      <\/script>      <\/span>                <\/div>        <\/form>          <style>          #bwg_container1_0 #bwg_container2_0 #spider_popup_overlay_0 {          background-color: #EEEEEE;          opacity: 0.60;          }          <\/style>        <div id=\"bwg_spider_popup_loading_0\" class=\"bwg_spider_popup_loading\"><\/div>        <div id=\"spider_popup_overlay_0\" class=\"spider_popup_overlay\" onclick=\"spider_destroypopup(1000)\"><\/div>        <input type=\"hidden\" id=\"bwg_random_seed_0\" value=\"2026336186\">                <\/div>    <\/div>    <script>      jQuery(function() {        if( typeof bwg_main_ready == 'function' ) {          bwg_main_ready();        }      });    <\/script>    \n\n\n\n<p><\/p>\n","protected":false},"excerpt":{"rendered":"<p>Beaufort-sur-Gervanne \u00ab\u00a0Belle et agr\u00e9able journ\u00e9e pass\u00e9e sur les hauteurs de Beaufort sur Gervanne d&rsquo;o\u00f9 nous d\u00e9couvrons la Croix de Vellan, Le Veymont enneig\u00e9 et bien s\u00fbr Les 3 Becs ainsi que la vall\u00e9e. Puis, sans crier gare, nous nous sommes retrouv\u00e9s \u00e0 Perrache mais pas de train, \u00e0 cause des gr\u00e8ves !\u00a0\u00bbMireille<\/p>\n","protected":false},"author":1,"featured_media":0,"parent":0,"menu_order":0,"comment_status":"closed","ping_status":"closed","template":"","meta":[],"_links":{"self":[{"href":"http:\/\/calvaire-hugo.net\/index.php?rest_route=\/wp\/v2\/pages\/2269"}],"collection":[{"href":"http:\/\/calvaire-hugo.net\/index.php?rest_route=\/wp\/v2\/pages"}],"about":[{"href":"http:\/\/calvaire-hugo.net\/index.php?rest_route=\/wp\/v2\/types\/page"}],"author":[{"embeddable":true,"href":"http:\/\/calvaire-hugo.net\/index.php?rest_route=\/wp\/v2\/users\/1"}],"replies":[{"embeddable":true,"href":"http:\/\/calvaire-hugo.net\/index.php?rest_route=%2Fwp%2Fv2%2Fcomments&post=2269"}],"version-history":[{"count":26,"href":"http:\/\/calvaire-hugo.net\/index.php?rest_route=\/wp\/v2\/pages\/2269\/revisions"}],"predecessor-version":[{"id":3934,"href":"http:\/\/calvaire-hugo.net\/index.php?rest_route=\/wp\/v2\/pages\/2269\/revisions\/3934"}],"wp:attachment":[{"href":"http:\/\/calvaire-hugo.net\/index.php?rest_route=%2Fwp%2Fv2%2Fmedia&parent=2269"}],"curies":[{"name":"wp","href":"https:\/\/api.w.org\/{rel}","templated":true}]}}