{"id":2228,"date":"2020-05-01T16:24:37","date_gmt":"2020-05-01T14:24:37","guid":{"rendered":"http:\/\/calvaire-hugo.net\/?page_id=2228"},"modified":"2021-05-02T19:49:10","modified_gmt":"2021-05-02T17:49:10","slug":"photos-randonnees-2020","status":"publish","type":"page","link":"http:\/\/calvaire-hugo.net\/?page_id=2228","title":{"rendered":"Photos des Randonn\u00e9es 2020"},"content":{"rendered":"\n<p>22-10-20 <strong><a href=\"http:\/\/calvaire-hugo.net\/?page_id=4113\">Croix de St Andr\u00e9<\/a><\/strong><\/p>\n\n\n\n<p>18-10-20 <strong><a href=\"http:\/\/calvaire-hugo.net\/?page_id=4110\">Beauvoir en Royans<\/a><\/strong><\/p>\n\n\n\n<p>15-10-20 <strong><a href=\"http:\/\/calvaire-hugo.net\/?page_id=4100\">Aubenasson<\/a><\/strong><\/p>\n\n\n\n<p>11-10-20 <strong><a href=\"http:\/\/calvaire-hugo.net\/?page_id=4086\">Puy St Martin<\/a><\/strong><\/p>\n\n\n\n<p class=\"has-text-align-left has-normal-font-size\">9-02-20 <strong><a href=\"http:\/\/calvaire-hugo.net\/?page_id=2280\">Le ch\u00e2taignier<\/a><\/strong><\/p>\n\n\n\n<p class=\"has-normal-font-size\">2-02-20 <strong><a href=\"http:\/\/calvaire-hugo.net\/?page_id=3943\">Marsanne<\/a><\/strong><\/p>\n\n\n\n<p class=\"has-normal-font-size\">23-01-20 <a href=\"http:\/\/calvaire-hugo.net\/?page_id=2269\"><strong>Beaufort<\/strong>&#8211;<strong>sur-Gervanne<\/strong><\/a><\/p>\n\n\n\n<p class=\"has-normal-font-size\">12-01-20 <strong><span class=\"has-inline-color has-red-color\"><a href=\"http:\/\/calvaire-hugo.net\/?page_id=2437\">Saint Vincent de Barr\u00e8s<\/a><\/span><\/strong><\/p>\n","protected":false},"excerpt":{"rendered":"<p>22-10-20 Croix de St Andr\u00e9 18-10-20 Beauvoir en Royans 15-10-20 Aubenasson 11-10-20 Puy St Martin 9-02-20 Le ch\u00e2taignier 2-02-20 Marsanne 23-01-20 Beaufort&#8211;sur-Gervanne 12-01-20 Saint Vincent de Barr\u00e8s<\/p>\n","protected":false},"author":1,"featured_media":0,"parent":0,"menu_order":0,"comment_status":"closed","ping_status":"closed","template":"","meta":[],"_links":{"self":[{"href":"http:\/\/calvaire-hugo.net\/index.php?rest_route=\/wp\/v2\/pages\/2228"}],"collection":[{"href":"http:\/\/calvaire-hugo.net\/index.php?rest_route=\/wp\/v2\/pages"}],"about":[{"href":"http:\/\/calvaire-hugo.net\/index.php?rest_route=\/wp\/v2\/types\/page"}],"author":[{"embeddable":true,"href":"http:\/\/calvaire-hugo.net\/index.php?rest_route=\/wp\/v2\/users\/1"}],"replies":[{"embeddable":true,"href":"http:\/\/calvaire-hugo.net\/index.php?rest_route=%2Fwp%2Fv2%2Fcomments&post=2228"}],"version-history":[{"count":49,"href":"http:\/\/calvaire-hugo.net\/index.php?rest_route=\/wp\/v2\/pages\/2228\/revisions"}],"predecessor-version":[{"id":4120,"href":"http:\/\/calvaire-hugo.net\/index.php?rest_route=\/wp\/v2\/pages\/2228\/revisions\/4120"}],"wp:attachment":[{"href":"http:\/\/calvaire-hugo.net\/index.php?rest_route=%2Fwp%2Fv2%2Fmedia&parent=2228"}],"curies":[{"name":"wp","href":"https:\/\/api.w.org\/{rel}","templated":true}]}}