{"id":165,"date":"2020-04-18T18:11:57","date_gmt":"2020-04-18T16:11:57","guid":{"rendered":"http:\/\/calvaire-hugo.net\/?page_id=165"},"modified":"2024-07-04T16:49:52","modified_gmt":"2024-07-04T14:49:52","slug":"gymnastique-aquatique","status":"publish","type":"page","link":"http:\/\/calvaire-hugo.net\/?page_id=165","title":{"rendered":"Gymnastique aquatique"},"content":{"rendered":"\n<figure class=\"wp-block-image size-large\"><img loading=\"lazy\" width=\"793\" height=\"964\" src=\"http:\/\/calvaire-hugo.net\/wp-content\/uploads\/2020\/05\/20151208_155458-793x964.jpg\" alt=\"\" class=\"wp-image-3531\" srcset=\"http:\/\/calvaire-hugo.net\/wp-content\/uploads\/2020\/05\/20151208_155458-793x964.jpg 793w, http:\/\/calvaire-hugo.net\/wp-content\/uploads\/2020\/05\/20151208_155458-247x300.jpg 247w, http:\/\/calvaire-hugo.net\/wp-content\/uploads\/2020\/05\/20151208_155458-768x934.jpg 768w, http:\/\/calvaire-hugo.net\/wp-content\/uploads\/2020\/05\/20151208_155458-1263x1536.jpg 1263w, http:\/\/calvaire-hugo.net\/wp-content\/uploads\/2020\/05\/20151208_155458.jpg 1536w\" sizes=\"(max-width: 793px) 100vw, 793px\" \/><\/figure>\n\n\n\n<p>Cours anim\u00e9s par des ma\u00eetres-nageurs de la communaut\u00e9 urbaine de Valence\/Romans. <\/p>\n\n\n\n<p class=\"has-background\" style=\"background-color:#26a300\"><strong>O\u00f9 ?<\/strong> &#8211; Piscine Jean Pommier \u00e0 Valence ou Camille Muffat \u00e0 Portes les Valence<\/p>\n\n\n\n<p class=\"has-background\" style=\"background-color:#a2a4f9\"><strong>Quand ?<\/strong> &#8211; Jour et heure \u00e0 choisir lors de l&rsquo;inscription, en fonction des places accord\u00e9es au Comit\u00e9.<\/p>\n\n\n\n<p class=\"has-background\" style=\"background-color:#8af2df\"><strong>Combien ?<\/strong> &#8211; 85 euros pour l&rsquo;ann\u00e9e.<\/p>\n\n\n\n<p class=\"has-background\" style=\"background-color:#f8d97c\"><strong>Condition :<\/strong> &#8211; Certificat m\u00e9dical exig\u00e9.<\/p>\n","protected":false},"excerpt":{"rendered":"<p>Cours anim\u00e9s par des ma\u00eetres-nageurs de la communaut\u00e9 urbaine de Valence\/Romans. O\u00f9 ? &#8211; Piscine Jean Pommier \u00e0 Valence ou Camille Muffat \u00e0 Portes les Valence Quand ? &#8211; Jour et heure \u00e0 choisir lors de l&rsquo;inscription, en fonction des places accord\u00e9es au Comit\u00e9. Combien ? &#8211; 85 euros pour l&rsquo;ann\u00e9e. Condition : &#8211; Certificat &hellip; <a href=\"http:\/\/calvaire-hugo.net\/?page_id=165\" class=\"more-link\">Continuer la lecture de <span class=\"screen-reader-text\">Gymnastique aquatique<\/span> <span class=\"meta-nav\">&rarr;<\/span><\/a><\/p>\n","protected":false},"author":1,"featured_media":0,"parent":0,"menu_order":0,"comment_status":"closed","ping_status":"closed","template":"","meta":[],"_links":{"self":[{"href":"http:\/\/calvaire-hugo.net\/index.php?rest_route=\/wp\/v2\/pages\/165"}],"collection":[{"href":"http:\/\/calvaire-hugo.net\/index.php?rest_route=\/wp\/v2\/pages"}],"about":[{"href":"http:\/\/calvaire-hugo.net\/index.php?rest_route=\/wp\/v2\/types\/page"}],"author":[{"embeddable":true,"href":"http:\/\/calvaire-hugo.net\/index.php?rest_route=\/wp\/v2\/users\/1"}],"replies":[{"embeddable":true,"href":"http:\/\/calvaire-hugo.net\/index.php?rest_route=%2Fwp%2Fv2%2Fcomments&post=165"}],"version-history":[{"count":9,"href":"http:\/\/calvaire-hugo.net\/index.php?rest_route=\/wp\/v2\/pages\/165\/revisions"}],"predecessor-version":[{"id":4632,"href":"http:\/\/calvaire-hugo.net\/index.php?rest_route=\/wp\/v2\/pages\/165\/revisions\/4632"}],"wp:attachment":[{"href":"http:\/\/calvaire-hugo.net\/index.php?rest_route=%2Fwp%2Fv2%2Fmedia&parent=165"}],"curies":[{"name":"wp","href":"https:\/\/api.w.org\/{rel}","templated":true}]}}