{"id":157,"date":"2020-04-18T18:09:51","date_gmt":"2020-04-18T16:09:51","guid":{"rendered":"http:\/\/calvaire-hugo.net\/?page_id=157"},"modified":"2024-07-04T16:49:14","modified_gmt":"2024-07-04T14:49:14","slug":"gym","status":"publish","type":"page","link":"http:\/\/calvaire-hugo.net\/?page_id=157","title":{"rendered":"Gym dynamique"},"content":{"rendered":"\n<figure class=\"wp-block-image size-large\"><img loading=\"lazy\" width=\"897\" height=\"964\" src=\"http:\/\/calvaire-hugo.net\/wp-content\/uploads\/2020\/05\/IMG_20190130_155115-1-897x964.jpg\" alt=\"\" class=\"wp-image-3549\" srcset=\"http:\/\/calvaire-hugo.net\/wp-content\/uploads\/2020\/05\/IMG_20190130_155115-1-897x964.jpg 897w, http:\/\/calvaire-hugo.net\/wp-content\/uploads\/2020\/05\/IMG_20190130_155115-1-279x300.jpg 279w, http:\/\/calvaire-hugo.net\/wp-content\/uploads\/2020\/05\/IMG_20190130_155115-1-768x825.jpg 768w, http:\/\/calvaire-hugo.net\/wp-content\/uploads\/2020\/05\/IMG_20190130_155115-1-1430x1536.jpg 1430w, http:\/\/calvaire-hugo.net\/wp-content\/uploads\/2020\/05\/IMG_20190130_155115-1-1906x2048.jpg 1906w\" sizes=\"(max-width: 897px) 100vw, 897px\" \/><\/figure>\n\n\n\n<p>Permet de travailler tout le corps, la m\u00e9moire, la coordination et l&rsquo;\u00e9quilibre.<\/p>\n\n\n\n<p class=\"has-background has-normal-font-size\" style=\"background-color:#84d3f4\"><strong>O\u00f9 ?<\/strong> &#8211;  Au gymnase L\u00e9o Lagrange.<\/p>\n\n\n\n<p class=\"has-background\" style=\"background-color:#e9886b\"><strong>Quand ?<\/strong> &#8211;  Mercredi de 15h \u00e0 16h.<\/p>\n\n\n\n<p class=\"has-background\" style=\"background-color:#f9d977\"><strong>Combien ?<\/strong> &#8211;  85 euros pour l&rsquo;ann\u00e9e + 30 euros pour la licence FFEPGV, si vous ne l&rsquo;avez pas d\u00e9j\u00e0.<\/p>\n","protected":false},"excerpt":{"rendered":"<p>Permet de travailler tout le corps, la m\u00e9moire, la coordination et l&rsquo;\u00e9quilibre. O\u00f9 ? &#8211; Au gymnase L\u00e9o Lagrange. Quand ? &#8211; Mercredi de 15h \u00e0 16h. Combien ? &#8211; 85 euros pour l&rsquo;ann\u00e9e + 30 euros pour la licence FFEPGV, si vous ne l&rsquo;avez pas d\u00e9j\u00e0.<\/p>\n","protected":false},"author":1,"featured_media":0,"parent":0,"menu_order":0,"comment_status":"closed","ping_status":"closed","template":"","meta":[],"_links":{"self":[{"href":"http:\/\/calvaire-hugo.net\/index.php?rest_route=\/wp\/v2\/pages\/157"}],"collection":[{"href":"http:\/\/calvaire-hugo.net\/index.php?rest_route=\/wp\/v2\/pages"}],"about":[{"href":"http:\/\/calvaire-hugo.net\/index.php?rest_route=\/wp\/v2\/types\/page"}],"author":[{"embeddable":true,"href":"http:\/\/calvaire-hugo.net\/index.php?rest_route=\/wp\/v2\/users\/1"}],"replies":[{"embeddable":true,"href":"http:\/\/calvaire-hugo.net\/index.php?rest_route=%2Fwp%2Fv2%2Fcomments&post=157"}],"version-history":[{"count":17,"href":"http:\/\/calvaire-hugo.net\/index.php?rest_route=\/wp\/v2\/pages\/157\/revisions"}],"predecessor-version":[{"id":4631,"href":"http:\/\/calvaire-hugo.net\/index.php?rest_route=\/wp\/v2\/pages\/157\/revisions\/4631"}],"wp:attachment":[{"href":"http:\/\/calvaire-hugo.net\/index.php?rest_route=%2Fwp%2Fv2%2Fmedia&parent=157"}],"curies":[{"name":"wp","href":"https:\/\/api.w.org\/{rel}","templated":true}]}}